{"id":5050,"date":"2015-07-09T09:37:38","date_gmt":"2015-07-09T09:37:38","guid":{"rendered":"https:\/\/clon.genehtik.com\/mas-informacion-sobre-las-cookies\/"},"modified":"2015-07-09T09:56:40","modified_gmt":"2015-07-09T09:56:40","slug":"mas-informacion-sobre-las-cookies","status":"publish","type":"page","link":"https:\/\/genehtik.com\/pt\/mas-informacion-sobre-las-cookies\/","title":{"rendered":"Mais informa\u00e7\u00f5es sobre cookies"},"content":{"rendered":"<h2>O que \u00e9 um biscoito?<\/h2>\n<p>\n\tUM <em>cookie<\/em> \u00c9 um arquivo de texto. <b>inofensivo<\/b> que \u00e9 armazenado no seu navegador quando voc\u00ea visita praticamente qualquer site. A utilidade do <em>cookie<\/em> Significa que o site deve ser capaz de se lembrar da sua visita quando voc\u00ea retornar para navegar naquela p\u00e1gina. Embora muitas pessoas n\u00e3o saibam disso, <em>cookies<\/em> Eles est\u00e3o em uso h\u00e1 20 anos, desde que surgiram os primeiros navegadores para a World Wide Web.\n<\/p>\n<h2>O que N\u00c3O \u00e9 um biscoito?<\/h2>\n<p>\n\tN\u00e3o \u00e9 um v\u00edrus, um cavalo de Troia, um worm, spam, spyware, nem abre janelas pop-up.\n<\/p>\n<h2>Que informa\u00e7\u00f5es um <em>cookie<\/em>?<\/h2>\n<p>\n\tO <em>cookies<\/em> Eles geralmente n\u00e3o armazenam informa\u00e7\u00f5es sens\u00edveis sobre voc\u00ea, como dados de cart\u00e3o de cr\u00e9dito ou banc\u00e1rios, fotografias, seu documento de identidade ou outras informa\u00e7\u00f5es pessoais. Os dados que armazenam s\u00e3o de natureza t\u00e9cnica, como prefer\u00eancias pessoais, personaliza\u00e7\u00e3o de conte\u00fado, etc.\n<\/p>\n<p>\n\tO servidor web n\u00e3o associa voc\u00ea como pessoa, mas sim o seu navegador. Ali\u00e1s, se voc\u00ea costuma navegar com o Internet Explorer e depois tenta acessar o mesmo site com o Firefox ou o Chrome, ver\u00e1 que o site n\u00e3o o reconhece como a mesma pessoa, porque na verdade est\u00e1 associando o navegador, e n\u00e3o o indiv\u00edduo.\n<\/p>\n<h2>Que tipo de <em>cookies<\/em> Eles existem?<\/h2>\n<ul>\n<li><em>Cookies<\/em> T\u00e9cnicas: Estas s\u00e3o as mais b\u00e1sicas e permitem, entre outras coisas, saber quando um humano ou uma aplica\u00e7\u00e3o automatizada est\u00e1 navegando, quando um usu\u00e1rio an\u00f4nimo e um usu\u00e1rio registrado est\u00e3o navegando, tarefas b\u00e1sicas para o funcionamento de qualquer site din\u00e2mico.<\/li>\n<li><em>Cookies<\/em> An\u00e1lise: Eles coletam informa\u00e7\u00f5es sobre o tipo de navega\u00e7\u00e3o que voc\u00ea realiza, as se\u00e7\u00f5es que voc\u00ea mais utiliza, os produtos visualizados, o hor\u00e1rio de uso, o idioma, etc.<\/li>\n<li><em>Cookies<\/em> Publicidade: Eles exibem an\u00fancios com base na sua navega\u00e7\u00e3o, pa\u00eds de origem, idioma, etc.<\/li>\n<\/ul>\n<h2>Quais s\u00e3o os <em>cookies<\/em> pr\u00f3prias e de terceiros?<\/h2>\n<p>\n\tO <em>cookies pr\u00f3prios<\/em> Esses s\u00e3o os gerados pela p\u00e1gina que voc\u00ea est\u00e1 visitando e pelo <em>terceiros<\/em> Esses dados s\u00e3o gerados por servi\u00e7os ou provedores externos, como Facebook, Twitter, Google, etc.\n<\/p>\n<h2>O que acontece se eu desativar o <em>cookies<\/em>?<\/h2>\n<p>\n\tPara ajudar voc\u00ea a entender o impacto potencial de desativ\u00e1-los. <em>cookies<\/em> Aqui est\u00e3o alguns exemplos:<\/p>\n<ul>\n<li>Voc\u00ea n\u00e3o poder\u00e1 compartilhar conte\u00fado desse site no Facebook, Twitter ou qualquer outra rede social.<\/li>\n<li>O site n\u00e3o poder\u00e1 adaptar o conte\u00fado \u00e0s suas prefer\u00eancias pessoais, como costuma acontecer em lojas online.<\/li>\n<li>Voc\u00ea n\u00e3o poder\u00e1 acessar a \u00e1rea pessoal desse site, como por exemplo... <em>Minha conta<\/em>, qualquer <em>Meu perfil<\/em> o <em>Meus pedidos<\/em>.<\/li>\n<li>Lojas online: N\u00e3o ser\u00e1 poss\u00edvel efetuar compras online; as compras dever\u00e3o ser feitas por telefone ou visitando a loja f\u00edsica, caso exista.<\/li>\n<li>N\u00e3o ser\u00e1 poss\u00edvel personalizar suas prefer\u00eancias geogr\u00e1ficas, como fuso hor\u00e1rio, moeda ou idioma.<\/li>\n<li>O site n\u00e3o poder\u00e1 realizar an\u00e1lises da web sobre visitantes e tr\u00e1fego, o que dificultar\u00e1 sua competitividade.<\/li>\n<li>Voc\u00ea n\u00e3o poder\u00e1 escrever no blog, enviar fotos, publicar coment\u00e1rios, avaliar ou comentar conte\u00fado. O site tamb\u00e9m n\u00e3o conseguir\u00e1 determinar se voc\u00ea \u00e9 um humano ou um aplicativo automatizado publicando conte\u00fado. <em>spam<\/em>.<\/li>\n<li>N\u00e3o ser\u00e1 permitida publicidade direcionada, o que reduzir\u00e1 a receita publicit\u00e1ria do site.<\/li>\n<li>Todas as redes sociais usam <em>cookies<\/em>, Se voc\u00ea desativ\u00e1-las, n\u00e3o poder\u00e1 usar nenhuma rede social.<\/li>\n<\/ul>\n<h2>Pode o <em>cookies<\/em>?<\/h2>\n<p>\n\tSim. N\u00e3o apenas excluir, mas tamb\u00e9m bloquear, seja de forma geral ou especificamente para um dom\u00ednio em particular.\n<\/p>\n<p>\n\tPara eliminar o <em>cookies<\/em> Para remover os cookies de um site, voc\u00ea deve acessar as configura\u00e7\u00f5es do seu navegador, onde encontrar\u00e1 os cookies associados ao dom\u00ednio em quest\u00e3o e poder\u00e1 exclu\u00ed-los.\n<\/p>\n<h2 id=\"navegadores\">Configura\u00e7\u00e3o <em>cookies<\/em> para os navegadores mais populares<\/h2>\n<p>\n\tA seguir, explicamos como acessar um <em>cookie<\/em> determinado pelo navegador <b>Cromo<\/b>. Observa\u00e7\u00e3o: Essas etapas podem variar dependendo da vers\u00e3o do seu navegador.<\/p>\n<ol>\n<li>Acesse as Configura\u00e7\u00f5es ou Prefer\u00eancias pelo menu Arquivo ou clicando no \u00edcone de personaliza\u00e7\u00e3o que aparece no canto superior direito.<\/li>\n<li>Voc\u00ea ver\u00e1 diferentes se\u00e7\u00f5es; clique na op\u00e7\u00e3o. <em>Mostrar op\u00e7\u00f5es avan\u00e7adas<\/em>.<\/li>\n<li>V\u00e1 para <em>Privacidade<\/em>, <em>Configura\u00e7\u00f5es de conte\u00fado<\/em>.<\/li>\n<li>Selecione <em>Todos os <em>cookies<\/em> e dados do site<\/em>.<\/li>\n<li>Uma lista aparecer\u00e1 com todos os <em>cookies<\/em> Ordenado por dom\u00ednio. Para facilitar a sua busca. <em>cookies<\/em> Para um dom\u00ednio espec\u00edfico, insira o endere\u00e7o parcial ou totalmente no campo. <em>Cookies de pesquisa<\/em>.<\/li>\n<li>Ap\u00f3s aplicar este filtro, uma ou mais linhas aparecer\u00e3o na tela com o <em>cookies<\/em> do site solicitado. Agora voc\u00ea s\u00f3 precisa selecion\u00e1-lo e pressionar o bot\u00e3o. <em>X<\/em> Prosseguir com a sua remo\u00e7\u00e3o.<\/li>\n<\/ol>\n<p>\n\tPara acessar as configura\u00e7\u00f5es de <em>cookies<\/em> do navegador <b>Internet Explorer<\/b> Siga estes passos (eles podem variar dependendo da vers\u00e3o do seu navegador):<\/p>\n<ol>\n<li>V\u00e1 para <em>Ferramentas<\/em>, <em>Op\u00e7\u00f5es de Internet<\/em><\/li>\n<li>Clique em <em>Privacidade<\/em>.<\/li>\n<li>Mova o controle deslizante para ajustar o n\u00edvel de privacidade desejado.<\/li>\n<\/ol>\n<p>\n\tPara acessar as configura\u00e7\u00f5es de <em>cookies<\/em> do navegador <b>Firefox<\/b> Siga estes passos (eles podem variar dependendo da vers\u00e3o do seu navegador):<\/p>\n<ol>\n<li>V\u00e1 para <em>Op\u00e7\u00f5es<\/em> o <em>Prefer\u00eancias<\/em> dependendo do seu sistema operacional.<\/li>\n<li>Clique em <em>Privacidade<\/em>.<\/li>\n<li>Em <em>Registro<\/em> escolher <em>Use uma configura\u00e7\u00e3o personalizada para o hist\u00f3rico.<\/em>.<\/li>\n<li>Agora voc\u00ea ver\u00e1 a op\u00e7\u00e3o <em>Aceitar cookies<\/em>, Voc\u00ea pode ativar ou desativar essa fun\u00e7\u00e3o de acordo com suas prefer\u00eancias.<\/li>\n<\/ol>\n<p>\n\tPara acessar as configura\u00e7\u00f5es de <em>cookies<\/em> do navegador <b>Safari para OSX<\/b> Siga estes passos (eles podem variar dependendo da vers\u00e3o do seu navegador):<\/p>\n<ol>\n<li>V\u00e1 para <em>Prefer\u00eancias<\/em>, ent\u00e3o <em>Privacidade<\/em>.<\/li>\n<li>Aqui voc\u00ea ver\u00e1 a op\u00e7\u00e3o <em>Bloquear cookies<\/em> para que voc\u00ea possa ajustar o tipo de bloqueio que deseja realizar.<\/li>\n<\/ol>\n<p>\n\tPara acessar as configura\u00e7\u00f5es de <em>cookies<\/em> do navegador <b>Safari para iOS<\/b> Siga estes passos (eles podem variar dependendo da vers\u00e3o do seu navegador):<\/p>\n<ol>\n<li>V\u00e1 para <em>Configura\u00e7\u00f5es<\/em>, ent\u00e3o <em>Saf\u00e1ri<\/em>.<\/li>\n<li>V\u00e1 para <em>Privacidade e seguran\u00e7a<\/em>, Voc\u00ea ver\u00e1 a op\u00e7\u00e3o <em>Bloquear cookies<\/em> para que voc\u00ea possa ajustar o tipo de bloqueio que deseja realizar.<\/li>\n<\/ol>\n<p>\n\tPara acessar as configura\u00e7\u00f5es de <em>cookies<\/em> do navegador para dispositivos <b>Android<\/b> Siga estes passos (eles podem variar dependendo da vers\u00e3o do seu navegador):<\/p>\n<ol>\n<li>Abra o navegador e pressione a tecla. <em>Menu<\/em>, ent\u00e3o <em>Configura\u00e7\u00f5es<\/em>.<\/li>\n<li>V\u00e1 para <em>Seguran\u00e7a e Privacidade<\/em>, Voc\u00ea ver\u00e1 a op\u00e7\u00e3o <em>Aceitar cookies<\/em> Para ativar ou desativar a caixa de sele\u00e7\u00e3o.<\/li>\n<\/ol>\n<p>\n\tPara acessar as configura\u00e7\u00f5es de <em>cookies<\/em> do navegador para dispositivos <b>Windows Phone<\/b> Siga estes passos (eles podem variar dependendo da vers\u00e3o do seu navegador):<\/p>\n<ol>\n<li>Abrir <em>Internet Explorer<\/em>, ent\u00e3o <em>Avan\u00e7ar<\/em>, ent\u00e3o <em>Configura\u00e7\u00e3o<\/em><\/li>\n<li>Agora voc\u00ea pode ativar ou desativar a caixa de sele\u00e7\u00e3o. <em>Permitir cookies<\/em>.<\/li>\n<\/ol>","protected":false},"excerpt":{"rendered":"<p>\u00bfQu\u00e9 es una cookie? Una cookie es un fichero de texto inofensivo que se almacena en su navegador cuando visita casi cualquier p\u00e1gina web. La utilidad de la cookie es que la web sea capaz de recordar su visita cuando vuelva a navegar por esa&#8230;<\/p>","protected":false},"author":1,"featured_media":0,"parent":0,"menu_order":0,"comment_status":"closed","ping_status":"closed","template":"","meta":{"bwfblock_default_font":"","footnotes":""},"class_list":["post-5050","page","type-page","status-publish","hentry"],"yoast_head":"<!-- This site is optimized with the Yoast SEO Premium plugin v23.0 (Yoast SEO v27.2) - https:\/\/yoast.com\/product\/yoast-seo-premium-wordpress\/ -->\n<title>M\u00e1s informaci\u00f3n sobre las cookies - Genehtik<\/title>\n<meta name=\"description\" content=\"\u00bfQu\u00e9 es una cookie? Una cookie es un fichero de texto inofensivo que se almacena en su navegador cuando visita casi cualquier p\u00e1gina web. La utilidad de\" \/>\n<meta name=\"robots\" content=\"index, follow, max-snippet:-1, max-image-preview:large, max-video-preview:-1\" \/>\n<link rel=\"canonical\" href=\"https:\/\/genehtik.com\/pt\/mas-informacion-sobre-las-cookies\/\" \/>\n<meta property=\"og:locale\" content=\"pt_PT\" \/>\n<meta property=\"og:type\" content=\"article\" \/>\n<meta property=\"og:title\" content=\"M\u00e1s informaci\u00f3n sobre las cookies\" \/>\n<meta property=\"og:description\" content=\"\u00bfQu\u00e9 es una cookie? Una cookie es un fichero de texto inofensivo que se almacena en su navegador cuando visita casi cualquier p\u00e1gina web. La utilidad de\" \/>\n<meta property=\"og:url\" content=\"https:\/\/genehtik.com\/pt\/mas-informacion-sobre-las-cookies\/\" \/>\n<meta property=\"og:site_name\" content=\"Genehtik\" \/>\n<meta property=\"article:publisher\" content=\"http:\/\/www.facebook.com\/Genehtik\" \/>\n<meta property=\"article:modified_time\" content=\"2015-07-09T09:56:40+00:00\" \/>\n<meta name=\"twitter:card\" content=\"summary_large_image\" \/>\n<meta name=\"twitter:site\" content=\"@GenehtikEs\" \/>\n<meta name=\"twitter:label1\" content=\"Tempo estimado de leitura\" \/>\n\t<meta name=\"twitter:data1\" content=\"5 minutos\" \/>\n<script type=\"application\/ld+json\" class=\"yoast-schema-graph\">{\"@context\":\"https:\/\/schema.org\",\"@graph\":[{\"@type\":\"WebPage\",\"@id\":\"https:\/\/genehtik.com\/mas-informacion-sobre-las-cookies\/\",\"url\":\"https:\/\/genehtik.com\/mas-informacion-sobre-las-cookies\/\",\"name\":\"M\u00e1s informaci\u00f3n sobre las cookies - Genehtik\",\"isPartOf\":{\"@id\":\"https:\/\/genehtik.com\/#website\"},\"datePublished\":\"2015-07-09T09:37:38+00:00\",\"dateModified\":\"2015-07-09T09:56:40+00:00\",\"description\":\"\u00bfQu\u00e9 es una cookie? Una cookie es un fichero de texto inofensivo que se almacena en su navegador cuando visita casi cualquier p\u00e1gina web. La utilidad de\",\"breadcrumb\":{\"@id\":\"https:\/\/genehtik.com\/mas-informacion-sobre-las-cookies\/#breadcrumb\"},\"inLanguage\":\"pt-PT\",\"potentialAction\":[{\"@type\":\"ReadAction\",\"target\":[\"https:\/\/genehtik.com\/mas-informacion-sobre-las-cookies\/\"]}]},{\"@type\":\"BreadcrumbList\",\"@id\":\"https:\/\/genehtik.com\/mas-informacion-sobre-las-cookies\/#breadcrumb\",\"itemListElement\":[{\"@type\":\"ListItem\",\"position\":1,\"name\":\"Home\",\"item\":\"https:\/\/genehtik.com\/\"},{\"@type\":\"ListItem\",\"position\":2,\"name\":\"M\u00e1s informaci\u00f3n sobre las cookies\"}]},{\"@type\":\"WebSite\",\"@id\":\"https:\/\/genehtik.com\/#website\",\"url\":\"https:\/\/genehtik.com\/\",\"name\":\"Genehtik\",\"description\":\"Banco de semillas de cannabis feminizadas y autoflorecientes de calidad y garant\u00eda\",\"potentialAction\":[{\"@type\":\"SearchAction\",\"target\":{\"@type\":\"EntryPoint\",\"urlTemplate\":\"https:\/\/genehtik.com\/?s={search_term_string}\"},\"query-input\":{\"@type\":\"PropertyValueSpecification\",\"valueRequired\":true,\"valueName\":\"search_term_string\"}}],\"inLanguage\":\"pt-PT\"}]}<\/script>\n<!-- \/ Yoast SEO Premium plugin. -->","yoast_head_json":{"title":"M\u00e1s informaci\u00f3n sobre las cookies - Genehtik","description":"\u00bfQu\u00e9 es una cookie? Una cookie es un fichero de texto inofensivo que se almacena en su navegador cuando visita casi cualquier p\u00e1gina web. La utilidad de","robots":{"index":"index","follow":"follow","max-snippet":"max-snippet:-1","max-image-preview":"max-image-preview:large","max-video-preview":"max-video-preview:-1"},"canonical":"https:\/\/genehtik.com\/pt\/mas-informacion-sobre-las-cookies\/","og_locale":"pt_PT","og_type":"article","og_title":"M\u00e1s informaci\u00f3n sobre las cookies","og_description":"\u00bfQu\u00e9 es una cookie? Una cookie es un fichero de texto inofensivo que se almacena en su navegador cuando visita casi cualquier p\u00e1gina web. La utilidad de","og_url":"https:\/\/genehtik.com\/pt\/mas-informacion-sobre-las-cookies\/","og_site_name":"Genehtik","article_publisher":"http:\/\/www.facebook.com\/Genehtik","article_modified_time":"2015-07-09T09:56:40+00:00","twitter_card":"summary_large_image","twitter_site":"@GenehtikEs","twitter_misc":{"Tempo estimado de leitura":"5 minutos"},"schema":{"@context":"https:\/\/schema.org","@graph":[{"@type":"WebPage","@id":"https:\/\/genehtik.com\/mas-informacion-sobre-las-cookies\/","url":"https:\/\/genehtik.com\/mas-informacion-sobre-las-cookies\/","name":"M\u00e1s informaci\u00f3n sobre las cookies - Genehtik","isPartOf":{"@id":"https:\/\/genehtik.com\/#website"},"datePublished":"2015-07-09T09:37:38+00:00","dateModified":"2015-07-09T09:56:40+00:00","description":"\u00bfQu\u00e9 es una cookie? Una cookie es un fichero de texto inofensivo que se almacena en su navegador cuando visita casi cualquier p\u00e1gina web. La utilidad de","breadcrumb":{"@id":"https:\/\/genehtik.com\/mas-informacion-sobre-las-cookies\/#breadcrumb"},"inLanguage":"pt-PT","potentialAction":[{"@type":"ReadAction","target":["https:\/\/genehtik.com\/mas-informacion-sobre-las-cookies\/"]}]},{"@type":"BreadcrumbList","@id":"https:\/\/genehtik.com\/mas-informacion-sobre-las-cookies\/#breadcrumb","itemListElement":[{"@type":"ListItem","position":1,"name":"Home","item":"https:\/\/genehtik.com\/"},{"@type":"ListItem","position":2,"name":"M\u00e1s informaci\u00f3n sobre las cookies"}]},{"@type":"WebSite","@id":"https:\/\/genehtik.com\/#website","url":"https:\/\/genehtik.com\/","name":"Gen\u00e9tica","description":"Banco de sementes de cannabis feminizadas e autoflorescentes de alta qualidade e com garantia.","potentialAction":[{"@type":"SearchAction","target":{"@type":"EntryPoint","urlTemplate":"https:\/\/genehtik.com\/?s={search_term_string}"},"query-input":{"@type":"PropertyValueSpecification","valueRequired":true,"valueName":"search_term_string"}}],"inLanguage":"pt-PT"}]}},"_links":{"self":[{"href":"https:\/\/genehtik.com\/pt\/wp-json\/wp\/v2\/pages\/5050","targetHints":{"allow":["GET"]}}],"collection":[{"href":"https:\/\/genehtik.com\/pt\/wp-json\/wp\/v2\/pages"}],"about":[{"href":"https:\/\/genehtik.com\/pt\/wp-json\/wp\/v2\/types\/page"}],"author":[{"embeddable":true,"href":"https:\/\/genehtik.com\/pt\/wp-json\/wp\/v2\/users\/1"}],"replies":[{"embeddable":true,"href":"https:\/\/genehtik.com\/pt\/wp-json\/wp\/v2\/comments?post=5050"}],"version-history":[{"count":1,"href":"https:\/\/genehtik.com\/pt\/wp-json\/wp\/v2\/pages\/5050\/revisions"}],"predecessor-version":[{"id":5053,"href":"https:\/\/genehtik.com\/pt\/wp-json\/wp\/v2\/pages\/5050\/revisions\/5053"}],"wp:attachment":[{"href":"https:\/\/genehtik.com\/pt\/wp-json\/wp\/v2\/media?parent=5050"}],"curies":[{"name":"wp","href":"https:\/\/api.w.org\/{rel}","templated":true}]}}