{"id":5051,"date":"2015-07-09T09:37:38","date_gmt":"2015-07-09T09:37:38","guid":{"rendered":"https:\/\/clon.genehtik.com\/politica-de-cookies\/"},"modified":"2015-10-02T11:26:27","modified_gmt":"2015-10-02T11:26:27","slug":"politica-de-cookies","status":"publish","type":"page","link":"https:\/\/genehtik.com\/pt\/politica-de-cookies\/","title":{"rendered":"Pol\u00edtica de cookies"},"content":{"rendered":"<h1>Pol\u00edtica de cookies<\/h1>\n<p>\n\tUM <em>cookie<\/em> \u00c9 um pequeno arquivo de texto armazenado no seu navegador quando voc\u00ea visita praticamente qualquer site. Sua fun\u00e7\u00e3o \u00e9 permitir que o site se lembre da sua visita quando voc\u00ea retornar \u00e0 p\u00e1gina. <em>cookies<\/em> Geralmente armazenam informa\u00e7\u00f5es t\u00e9cnicas, prefer\u00eancias pessoais, personaliza\u00e7\u00e3o de conte\u00fado, estat\u00edsticas de uso, links para redes sociais, acesso a contas de usu\u00e1rio, etc. O objetivo do <em>cookie<\/em> Trata-se de adaptar o conte\u00fado do site ao perfil e \u00e0s necessidades deles, sem <em>cookies<\/em> Os servi\u00e7os oferecidos por qualquer site seriam significativamente reduzidos. Se desejar mais informa\u00e7\u00f5es sobre quais s\u00e3o esses servi\u00e7os... <em>cookies<\/em>, O que eles armazenam, como exclu\u00ed-los, desativ\u00e1-los, etc., <a href=\"https:\/\/genehtik.com\/pt\/mas-informacion-sobre-las-cookies\/\">Por favor, acesse este link.<\/a>\n<\/p>\n<h2>Cookies utilizados neste site<\/h2>\n<p>\n\tSeguindo as diretrizes da Ag\u00eancia Espanhola de Prote\u00e7\u00e3o de Dados, detalhamos a utiliza\u00e7\u00e3o de <em>cookies<\/em> Este site tem como objetivo inform\u00e1-lo da forma mais precisa poss\u00edvel.\n<\/p>\n<p>\n\tEste site utiliza os seguintes recursos: <strong>cookies pr\u00f3prios<\/strong>:<\/p>\n<ul>\n<li>Os cookies de sess\u00e3o s\u00e3o usados para garantir que os usu\u00e1rios que publicam coment\u00e1rios no blog sejam humanos e n\u00e3o aplicativos automatizados. Isso ajuda a combater [o problema de] <em>spam<\/em>.<\/li>\n<\/ul>\n<p>\n\tEste site utiliza os seguintes recursos: <strong>cookies de terceiros<\/strong>:<\/p>\n<ul>\n<li>Google Analytics: Lojas <em>cookies<\/em> Isso nos permite compilar estat\u00edsticas sobre o tr\u00e1fego do site e o volume de visitantes. Ao usar este site, voc\u00ea concorda com o processamento de suas informa\u00e7\u00f5es pelo Google. Portanto, para exercer quaisquer direitos a esse respeito, voc\u00ea deve entrar em contato diretamente com o Google.<\/li>\n<li>Redes sociais: Cada rede social usa a sua pr\u00f3pria <em>cookies<\/em> para que voc\u00ea possa clicar em bot\u00f5es como <em>Eu gosto<\/em> o <em>Compartilhar<\/em>.<\/li>\n<\/ul>\n<h2>Desativar ou excluir cookies<\/h2>\n<p>\n\tVoc\u00ea pode exercer seu direito de desativar ou excluir cookies deste site a qualquer momento. Essas a\u00e7\u00f5es s\u00e3o realizadas de forma diferente dependendo do navegador que voc\u00ea estiver usando. <a href=\"https:\/\/genehtik.com\/pt\/mas-informacion-sobre-las-cookies\/#navegadores\">Aqui est\u00e1 um guia r\u00e1pido para os navegadores mais populares.<\/a>.\n<\/p>\n<h2>Notas adicionais<\/h2>\n<ul>\n<li>\n\t\t\tNem este site nem seus representantes legais s\u00e3o respons\u00e1veis pelo conte\u00fado ou pela precis\u00e3o das pol\u00edticas de privacidade de terceiros mencionadas nesta pol\u00edtica. <em>cookies<\/em>.\n\t\t<\/li>\n<li>\n\t\t\tOs navegadores da Web s\u00e3o as ferramentas respons\u00e1veis por armazenar os dados. <em>cookies<\/em> e a partir daqui voc\u00ea deve exercer seu direito de exclu\u00ed-los ou desativ\u00e1-los. Nem este site nem seus representantes legais podem garantir o manuseio correto ou incorreto dos mesmos. <em>cookies<\/em> pelos navegadores mencionados anteriormente.\n\t\t<\/li>\n<li>\n\t\t\tEm alguns casos \u00e9 necess\u00e1rio instalar <em>cookies<\/em> para que o navegador n\u00e3o se esque\u00e7a da sua decis\u00e3o de n\u00e3o os aceitar.\n\t\t<\/li>\n<li>\n\t\t\tNo caso do <em>cookies<\/em> A partir do Google Analytics, esta empresa armazena os <em>cookies<\/em> em servidores localizados nos Estados Unidos e compromete-se a n\u00e3o compartilhar seus dados com terceiros, exceto quando necess\u00e1rio para o funcionamento do sistema ou quando exigido por lei. Segundo o Google, ele n\u00e3o armazena seu endere\u00e7o IP. O Google Inc. \u00e9 uma empresa aderente ao Quadro de Prote\u00e7\u00e3o da Privacidade UE-EUA, que garante que todos os dados transferidos ser\u00e3o tratados com um n\u00edvel de prote\u00e7\u00e3o em conformidade com as normas europeias. Voc\u00ea pode encontrar informa\u00e7\u00f5es detalhadas sobre o assunto. <a href=\"http:\/\/safeharbor.export.gov\/companyinfo.aspx?id=16626\" target=\"_blank\">neste link<\/a>. Se desejar obter informa\u00e7\u00f5es sobre como o Google utiliza cookies, entre em contato conosco. <a href=\"https:\/\/developers.google.com\/analytics\/devguides\/collection\/analyticsjs\/cookie-usage?hl=es&#038;csw=1\" target=\"_blank\">Anexamos este outro link.<\/a>.\n\t\t<\/li>\n<li>\n\t\t\tPara quaisquer d\u00favidas ou perguntas relativas a esta pol\u00edtica, entre em contato conosco. <em>cookies<\/em> Fique \u00e0 vontade para nos contatar atrav\u00e9s da se\u00e7\u00e3o de contato.<\/a>\n\t\t<\/li>\n<\/ul>","protected":false},"excerpt":{"rendered":"<p>Pol\u00edtica de cookies Una cookie es un peque\u00f1o fichero de texto que se almacena en su navegador cuando visita casi cualquier p\u00e1gina web. Su utilidad es que la web sea capaz de recordar su visita cuando vuelva a navegar por esa p\u00e1gina. Las cookies suelen&#8230;<\/p>","protected":false},"author":1,"featured_media":0,"parent":0,"menu_order":0,"comment_status":"closed","ping_status":"closed","template":"","meta":{"bwfblock_default_font":"","footnotes":""},"class_list":["post-5051","page","type-page","status-publish","hentry"],"yoast_head":"<!-- This site is optimized with the Yoast SEO Premium plugin v23.0 (Yoast SEO v27.2) - https:\/\/yoast.com\/product\/yoast-seo-premium-wordpress\/ -->\n<title>Pol\u00edtica de cookies<\/title>\n<meta name=\"description\" content=\"Pol\u00edtica de cookies empleada en nuestra web Genehtik de semillas de marihuana.\" \/>\n<meta name=\"robots\" content=\"index, follow, max-snippet:-1, max-image-preview:large, max-video-preview:-1\" \/>\n<link rel=\"canonical\" href=\"https:\/\/genehtik.com\/pt\/politica-de-cookies\/\" \/>\n<meta property=\"og:locale\" content=\"pt_PT\" \/>\n<meta property=\"og:type\" content=\"article\" \/>\n<meta property=\"og:title\" content=\"Pol\u00edtica de cookies\" \/>\n<meta property=\"og:description\" content=\"Pol\u00edtica de cookies empleada en nuestra web Genehtik de semillas de marihuana.\" \/>\n<meta property=\"og:url\" content=\"https:\/\/genehtik.com\/pt\/politica-de-cookies\/\" \/>\n<meta property=\"og:site_name\" content=\"Genehtik\" \/>\n<meta property=\"article:publisher\" content=\"http:\/\/www.facebook.com\/Genehtik\" \/>\n<meta property=\"article:modified_time\" content=\"2015-10-02T11:26:27+00:00\" \/>\n<meta name=\"twitter:card\" content=\"summary_large_image\" \/>\n<meta name=\"twitter:site\" content=\"@GenehtikEs\" \/>\n<meta name=\"twitter:label1\" content=\"Tempo estimado de leitura\" \/>\n\t<meta name=\"twitter:data1\" content=\"3 minutos\" \/>\n<script type=\"application\/ld+json\" class=\"yoast-schema-graph\">{\"@context\":\"https:\/\/schema.org\",\"@graph\":[{\"@type\":\"WebPage\",\"@id\":\"https:\/\/genehtik.com\/politica-de-cookies\/\",\"url\":\"https:\/\/genehtik.com\/politica-de-cookies\/\",\"name\":\"Pol\u00edtica de cookies\",\"isPartOf\":{\"@id\":\"https:\/\/genehtik.com\/#website\"},\"datePublished\":\"2015-07-09T09:37:38+00:00\",\"dateModified\":\"2015-10-02T11:26:27+00:00\",\"description\":\"Pol\u00edtica de cookies empleada en nuestra web Genehtik de semillas de marihuana.\",\"breadcrumb\":{\"@id\":\"https:\/\/genehtik.com\/politica-de-cookies\/#breadcrumb\"},\"inLanguage\":\"pt-PT\",\"potentialAction\":[{\"@type\":\"ReadAction\",\"target\":[\"https:\/\/genehtik.com\/politica-de-cookies\/\"]}]},{\"@type\":\"BreadcrumbList\",\"@id\":\"https:\/\/genehtik.com\/politica-de-cookies\/#breadcrumb\",\"itemListElement\":[{\"@type\":\"ListItem\",\"position\":1,\"name\":\"Home\",\"item\":\"https:\/\/genehtik.com\/\"},{\"@type\":\"ListItem\",\"position\":2,\"name\":\"Pol\u00edtica de cookies\"}]},{\"@type\":\"WebSite\",\"@id\":\"https:\/\/genehtik.com\/#website\",\"url\":\"https:\/\/genehtik.com\/\",\"name\":\"Genehtik\",\"description\":\"Banco de semillas de cannabis feminizadas y autoflorecientes de calidad y garant\u00eda\",\"potentialAction\":[{\"@type\":\"SearchAction\",\"target\":{\"@type\":\"EntryPoint\",\"urlTemplate\":\"https:\/\/genehtik.com\/?s={search_term_string}\"},\"query-input\":{\"@type\":\"PropertyValueSpecification\",\"valueRequired\":true,\"valueName\":\"search_term_string\"}}],\"inLanguage\":\"pt-PT\"}]}<\/script>\n<!-- \/ Yoast SEO Premium plugin. -->","yoast_head_json":{"title":"Pol\u00edtica de cookies","description":"Pol\u00edtica de cookies empleada en nuestra web Genehtik de semillas de marihuana.","robots":{"index":"index","follow":"follow","max-snippet":"max-snippet:-1","max-image-preview":"max-image-preview:large","max-video-preview":"max-video-preview:-1"},"canonical":"https:\/\/genehtik.com\/pt\/politica-de-cookies\/","og_locale":"pt_PT","og_type":"article","og_title":"Pol\u00edtica de cookies","og_description":"Pol\u00edtica de cookies empleada en nuestra web Genehtik de semillas de marihuana.","og_url":"https:\/\/genehtik.com\/pt\/politica-de-cookies\/","og_site_name":"Genehtik","article_publisher":"http:\/\/www.facebook.com\/Genehtik","article_modified_time":"2015-10-02T11:26:27+00:00","twitter_card":"summary_large_image","twitter_site":"@GenehtikEs","twitter_misc":{"Tempo estimado de leitura":"3 minutos"},"schema":{"@context":"https:\/\/schema.org","@graph":[{"@type":"WebPage","@id":"https:\/\/genehtik.com\/politica-de-cookies\/","url":"https:\/\/genehtik.com\/politica-de-cookies\/","name":"Pol\u00edtica de cookies","isPartOf":{"@id":"https:\/\/genehtik.com\/#website"},"datePublished":"2015-07-09T09:37:38+00:00","dateModified":"2015-10-02T11:26:27+00:00","description":"Pol\u00edtica de cookies empleada en nuestra web Genehtik de semillas de marihuana.","breadcrumb":{"@id":"https:\/\/genehtik.com\/politica-de-cookies\/#breadcrumb"},"inLanguage":"pt-PT","potentialAction":[{"@type":"ReadAction","target":["https:\/\/genehtik.com\/politica-de-cookies\/"]}]},{"@type":"BreadcrumbList","@id":"https:\/\/genehtik.com\/politica-de-cookies\/#breadcrumb","itemListElement":[{"@type":"ListItem","position":1,"name":"Home","item":"https:\/\/genehtik.com\/"},{"@type":"ListItem","position":2,"name":"Pol\u00edtica de cookies"}]},{"@type":"WebSite","@id":"https:\/\/genehtik.com\/#website","url":"https:\/\/genehtik.com\/","name":"Gen\u00e9tica","description":"Banco de sementes de cannabis feminizadas e autoflorescentes de alta qualidade e com garantia.","potentialAction":[{"@type":"SearchAction","target":{"@type":"EntryPoint","urlTemplate":"https:\/\/genehtik.com\/?s={search_term_string}"},"query-input":{"@type":"PropertyValueSpecification","valueRequired":true,"valueName":"search_term_string"}}],"inLanguage":"pt-PT"}]}},"_links":{"self":[{"href":"https:\/\/genehtik.com\/pt\/wp-json\/wp\/v2\/pages\/5051","targetHints":{"allow":["GET"]}}],"collection":[{"href":"https:\/\/genehtik.com\/pt\/wp-json\/wp\/v2\/pages"}],"about":[{"href":"https:\/\/genehtik.com\/pt\/wp-json\/wp\/v2\/types\/page"}],"author":[{"embeddable":true,"href":"https:\/\/genehtik.com\/pt\/wp-json\/wp\/v2\/users\/1"}],"replies":[{"embeddable":true,"href":"https:\/\/genehtik.com\/pt\/wp-json\/wp\/v2\/comments?post=5051"}],"version-history":[{"count":1,"href":"https:\/\/genehtik.com\/pt\/wp-json\/wp\/v2\/pages\/5051\/revisions"}],"predecessor-version":[{"id":5052,"href":"https:\/\/genehtik.com\/pt\/wp-json\/wp\/v2\/pages\/5051\/revisions\/5052"}],"wp:attachment":[{"href":"https:\/\/genehtik.com\/pt\/wp-json\/wp\/v2\/media?parent=5051"}],"curies":[{"name":"wp","href":"https:\/\/api.w.org\/{rel}","templated":true}]}}