{"id":23464,"date":"2023-01-15T11:29:36","date_gmt":"2023-01-15T11:29:36","guid":{"rendered":"https:\/\/clon.genehtik.com\/?post_type=product&#038;p=23464"},"modified":"2026-02-26T11:40:38","modified_gmt":"2026-02-26T11:40:38","slug":"strawbilbo-banana-auto","status":"publish","type":"product","link":"https:\/\/genehtik.com\/pt\/produto\/strawbilbo-banana-auto\/","title":{"rendered":"Strawbilbo Banana Auto"},"content":{"rendered":"<div class=\"wpb-content-wrapper\"><div class=\"vc_row wpb_row vc_row-fluid edgtf-section edgtf-content-aligment-left\" style=\"\"><div class=\"clearfix edgtf-full-section-inner\"><div class=\"wpb_column vc_column_container vc_col-sm-12\"><div class=\"vc_column-inner\"><div class=\"wpb_wrapper\">\n\t<div class=\"wpb_text_column wpb_content_element\" >\n\t\t<div class=\"wpb_wrapper\">\n\t\t\t<p><strong>Cara:<\/strong> H\u00edbrido autoflorescente de morango e banana<\/p>\n<p><strong>Produ\u00e7\u00e3o dom\u00e9stica:<\/strong>\u00a0450-600 gr\/m\u00b2<\/p>\n<p><strong>Produ\u00e7\u00e3o externa:<\/strong>\u00a090-250 g\/planta<\/p>\n<p><strong>Flora\u00e7\u00e3o em ambientes internos:<\/strong>\u00a070 dias<\/p>\n<p><strong>Colheita ao ar livre:<\/strong>\u00a011 semanas<\/p>\n<p>A STRAWBILBO BANANA AUTO \u00e9 uma planta com sabores doces e frutados e aromas n\u00edtidos de morango e banana.<\/p>\n<p>\u00c9 uma variedade autoflorescente de grande porte e alto teor de THC, que produz rendimentos surpreendentemente altos para uma variedade autoflorescente, atingindo facilmente 150 cm em ambientes internos e produzindo de 500 a 600 gramas.<\/p>\n<p>A Strawbilbo Banana Auto \u00e9 um h\u00edbrido Indica\/Sativa com a apar\u00eancia e os bot\u00f5es de uma sativa, extremamente resinosa, com crescimento muito vigoroso e um grande bot\u00e3o central.<\/p>\n<p>Seu efeito \u00e9 relaxante e, ao mesmo tempo, cerebral e euf\u00f3rico, t\u00edpico das sativas.<\/p>\n\n\t\t<\/div>\n\t<\/div>\n<\/div><\/div><\/div><\/div><\/div><div class=\"vc_row wpb_row vc_row-fluid edgtf-section edgtf-content-aligment-left\" style=\"\"><div class=\"clearfix edgtf-full-section-inner\"><div class=\"wpb_column vc_column_container vc_col-sm-12\"><div class=\"vc_column-inner\"><div class=\"wpb_wrapper\"><div class=\"vc_empty_space\"   style=\"height: 32px\"><span class=\"vc_empty_space_inner\"><\/span><\/div>\n\t<div class=\"wpb_text_column wpb_content_element\" >\n\t\t<div class=\"wpb_wrapper\">\n\t\t\t<h2 style=\"text-align: center;\">Saiba mais sobre as sementes autoflorescentes da Genehtik em\u2026 <a href=\"https:\/\/criticalbilbo.com\/autoflorecientes-la-revolucion-genetica-del-cannabis\/\">www.criticalbilbo.com<\/a><\/h2>\n\n\t\t<\/div>\n\t<\/div>\n<div class=\"vc_empty_space\"   style=\"height: 32px\"><span class=\"vc_empty_space_inner\"><\/span><\/div><\/div><\/div><\/div><\/div><\/div>\n<\/div>","protected":false},"excerpt":{"rendered":"<div class=\"woocommerce-product-details__short-description\">\n<p>Semente de Cannabis Autoflorescente Morango e Banana<\/p>\n<\/div>\n<p>&nbsp;<\/p>","protected":false},"featured_media":23467,"template":"","meta":{"bwfblock_default_font":""},"product_brand":[],"product_cat":[515,9,8],"product_tag":[],"class_list":{"0":"post-23464","1":"product","2":"type-product","3":"status-publish","4":"has-post-thumbnail","6":"product_cat-productos","7":"product_cat-semillas-cannabis-autoflorecientes","8":"product_cat-semillas-de-marihuana","10":"first","11":"instock","12":"shipping-taxable","13":"purchasable","14":"product-type-variable","15":"has-default-attributes"},"yoast_head":"<!-- This site is optimized with the Yoast SEO Premium plugin v23.0 (Yoast SEO v27.2) - https:\/\/yoast.com\/product\/yoast-seo-premium-wordpress\/ -->\n<title>Strawbilbo Banana Auto - Comprar semilla de cannabis Strawbilbo<\/title>\n<meta name=\"description\" content=\"Semilla de cannabis autofloreciente Strawbilbo Banana Auto. Tama\u00f1o grande y alto nivel de THC. Efecto relajante y a la vez cerebral y euf\u00f3rico t\u00edpico sativo\" \/>\n<meta name=\"robots\" content=\"index, follow, max-snippet:-1, max-image-preview:large, max-video-preview:-1\" \/>\n<link rel=\"canonical\" href=\"https:\/\/genehtik.com\/pt\/produto\/strawbilbo-banana-auto\/\" \/>\n<meta property=\"og:locale\" content=\"pt_PT\" \/>\n<meta property=\"og:type\" content=\"article\" \/>\n<meta property=\"og:title\" content=\"Strawbilbo Banana Auto\" \/>\n<meta property=\"og:description\" content=\"Semilla de cannabis autofloreciente Strawbilbo Banana Auto. Tama\u00f1o grande y alto nivel de THC. Efecto relajante y a la vez cerebral y euf\u00f3rico t\u00edpico sativo\" \/>\n<meta property=\"og:url\" content=\"https:\/\/genehtik.com\/pt\/produto\/strawbilbo-banana-auto\/\" \/>\n<meta property=\"og:site_name\" content=\"Genehtik\" \/>\n<meta property=\"article:publisher\" content=\"http:\/\/www.facebook.com\/Genehtik\" \/>\n<meta property=\"article:modified_time\" content=\"2026-02-26T11:40:38+00:00\" \/>\n<meta property=\"og:image\" content=\"https:\/\/genehtik.com\/wp-content\/uploads\/2024\/01\/Strawbilbo-banana-Auto-1.jpg\" \/>\n\t<meta property=\"og:image:width\" content=\"479\" \/>\n\t<meta property=\"og:image:height\" content=\"480\" \/>\n\t<meta property=\"og:image:type\" content=\"image\/jpeg\" \/>\n<meta name=\"twitter:card\" content=\"summary_large_image\" \/>\n<meta name=\"twitter:site\" content=\"@GenehtikEs\" \/>\n<meta name=\"twitter:label1\" content=\"Tempo estimado de leitura\" \/>\n\t<meta name=\"twitter:data1\" content=\"1 minuto\" \/>\n<script type=\"application\/ld+json\" class=\"yoast-schema-graph\">{\"@context\":\"https:\/\/schema.org\",\"@graph\":[{\"@type\":\"WebPage\",\"@id\":\"https:\/\/genehtik.com\/producto\/strawbilbo-banana-auto\/\",\"url\":\"https:\/\/genehtik.com\/producto\/strawbilbo-banana-auto\/\",\"name\":\"Strawbilbo Banana Auto - Comprar semilla de cannabis Strawbilbo\",\"isPartOf\":{\"@id\":\"https:\/\/genehtik.com\/#website\"},\"primaryImageOfPage\":{\"@id\":\"https:\/\/genehtik.com\/producto\/strawbilbo-banana-auto\/#primaryimage\"},\"image\":{\"@id\":\"https:\/\/genehtik.com\/producto\/strawbilbo-banana-auto\/#primaryimage\"},\"thumbnailUrl\":\"https:\/\/genehtik.com\/wp-content\/uploads\/2024\/01\/Strawbilbo-banana-Auto-1.jpg\",\"datePublished\":\"2023-01-15T11:29:36+00:00\",\"dateModified\":\"2026-02-26T11:40:38+00:00\",\"description\":\"Semilla de cannabis autofloreciente Strawbilbo Banana Auto. Tama\u00f1o grande y alto nivel de THC. Efecto relajante y a la vez cerebral y euf\u00f3rico t\u00edpico sativo\",\"breadcrumb\":{\"@id\":\"https:\/\/genehtik.com\/producto\/strawbilbo-banana-auto\/#breadcrumb\"},\"inLanguage\":\"pt-PT\",\"potentialAction\":[{\"@type\":\"ReadAction\",\"target\":[\"https:\/\/genehtik.com\/producto\/strawbilbo-banana-auto\/\"]}]},{\"@type\":\"ImageObject\",\"inLanguage\":\"pt-PT\",\"@id\":\"https:\/\/genehtik.com\/producto\/strawbilbo-banana-auto\/#primaryimage\",\"url\":\"https:\/\/genehtik.com\/wp-content\/uploads\/2024\/01\/Strawbilbo-banana-Auto-1.jpg\",\"contentUrl\":\"https:\/\/genehtik.com\/wp-content\/uploads\/2024\/01\/Strawbilbo-banana-Auto-1.jpg\",\"width\":479,\"height\":480,\"caption\":\"Strawbilbo banana Auto\"},{\"@type\":\"BreadcrumbList\",\"@id\":\"https:\/\/genehtik.com\/producto\/strawbilbo-banana-auto\/#breadcrumb\",\"itemListElement\":[{\"@type\":\"ListItem\",\"position\":1,\"name\":\"Home\",\"item\":\"https:\/\/genehtik.com\/\"},{\"@type\":\"ListItem\",\"position\":2,\"name\":\"Comprar semillas de cannabis Genehtik\",\"item\":\"https:\/\/genehtik.com\/tienda\/\"},{\"@type\":\"ListItem\",\"position\":3,\"name\":\"Strawbilbo Banana Auto\"}]},{\"@type\":\"WebSite\",\"@id\":\"https:\/\/genehtik.com\/#website\",\"url\":\"https:\/\/genehtik.com\/\",\"name\":\"Genehtik\",\"description\":\"Banco de semillas de cannabis feminizadas y autoflorecientes de calidad y garant\u00eda\",\"potentialAction\":[{\"@type\":\"SearchAction\",\"target\":{\"@type\":\"EntryPoint\",\"urlTemplate\":\"https:\/\/genehtik.com\/?s={search_term_string}\"},\"query-input\":{\"@type\":\"PropertyValueSpecification\",\"valueRequired\":true,\"valueName\":\"search_term_string\"}}],\"inLanguage\":\"pt-PT\"}]}<\/script>\n<!-- \/ Yoast SEO Premium plugin. -->","yoast_head_json":{"title":"Strawbilbo Banana Auto - Comprar semilla de cannabis Strawbilbo","description":"Semilla de cannabis autofloreciente Strawbilbo Banana Auto. Tama\u00f1o grande y alto nivel de THC. Efecto relajante y a la vez cerebral y euf\u00f3rico t\u00edpico sativo","robots":{"index":"index","follow":"follow","max-snippet":"max-snippet:-1","max-image-preview":"max-image-preview:large","max-video-preview":"max-video-preview:-1"},"canonical":"https:\/\/genehtik.com\/pt\/produto\/strawbilbo-banana-auto\/","og_locale":"pt_PT","og_type":"article","og_title":"Strawbilbo Banana Auto","og_description":"Semilla de cannabis autofloreciente Strawbilbo Banana Auto. Tama\u00f1o grande y alto nivel de THC. Efecto relajante y a la vez cerebral y euf\u00f3rico t\u00edpico sativo","og_url":"https:\/\/genehtik.com\/pt\/produto\/strawbilbo-banana-auto\/","og_site_name":"Genehtik","article_publisher":"http:\/\/www.facebook.com\/Genehtik","article_modified_time":"2026-02-26T11:40:38+00:00","og_image":[{"width":479,"height":480,"url":"https:\/\/genehtik.com\/wp-content\/uploads\/2024\/01\/Strawbilbo-banana-Auto-1.jpg","type":"image\/jpeg"}],"twitter_card":"summary_large_image","twitter_site":"@GenehtikEs","twitter_misc":{"Tempo estimado de leitura":"1 minuto"},"schema":{"@context":"https:\/\/schema.org","@graph":[{"@type":"WebPage","@id":"https:\/\/genehtik.com\/producto\/strawbilbo-banana-auto\/","url":"https:\/\/genehtik.com\/producto\/strawbilbo-banana-auto\/","name":"Strawbilbo Banana Auto - Comprar semilla de cannabis Strawbilbo","isPartOf":{"@id":"https:\/\/genehtik.com\/#website"},"primaryImageOfPage":{"@id":"https:\/\/genehtik.com\/producto\/strawbilbo-banana-auto\/#primaryimage"},"image":{"@id":"https:\/\/genehtik.com\/producto\/strawbilbo-banana-auto\/#primaryimage"},"thumbnailUrl":"https:\/\/genehtik.com\/wp-content\/uploads\/2024\/01\/Strawbilbo-banana-Auto-1.jpg","datePublished":"2023-01-15T11:29:36+00:00","dateModified":"2026-02-26T11:40:38+00:00","description":"Semilla de cannabis autofloreciente Strawbilbo Banana Auto. Tama\u00f1o grande y alto nivel de THC. Efecto relajante y a la vez cerebral y euf\u00f3rico t\u00edpico sativo","breadcrumb":{"@id":"https:\/\/genehtik.com\/producto\/strawbilbo-banana-auto\/#breadcrumb"},"inLanguage":"pt-PT","potentialAction":[{"@type":"ReadAction","target":["https:\/\/genehtik.com\/producto\/strawbilbo-banana-auto\/"]}]},{"@type":"ImageObject","inLanguage":"pt-PT","@id":"https:\/\/genehtik.com\/producto\/strawbilbo-banana-auto\/#primaryimage","url":"https:\/\/genehtik.com\/wp-content\/uploads\/2024\/01\/Strawbilbo-banana-Auto-1.jpg","contentUrl":"https:\/\/genehtik.com\/wp-content\/uploads\/2024\/01\/Strawbilbo-banana-Auto-1.jpg","width":479,"height":480,"caption":"Strawbilbo banana Auto"},{"@type":"BreadcrumbList","@id":"https:\/\/genehtik.com\/producto\/strawbilbo-banana-auto\/#breadcrumb","itemListElement":[{"@type":"ListItem","position":1,"name":"Home","item":"https:\/\/genehtik.com\/"},{"@type":"ListItem","position":2,"name":"Comprar semillas de cannabis Genehtik","item":"https:\/\/genehtik.com\/tienda\/"},{"@type":"ListItem","position":3,"name":"Strawbilbo Banana Auto"}]},{"@type":"WebSite","@id":"https:\/\/genehtik.com\/#website","url":"https:\/\/genehtik.com\/","name":"Gen\u00e9tica","description":"Banco de sementes de cannabis feminizadas e autoflorescentes de alta qualidade e com garantia.","potentialAction":[{"@type":"SearchAction","target":{"@type":"EntryPoint","urlTemplate":"https:\/\/genehtik.com\/?s={search_term_string}"},"query-input":{"@type":"PropertyValueSpecification","valueRequired":true,"valueName":"search_term_string"}}],"inLanguage":"pt-PT"}]}},"_links":{"self":[{"href":"https:\/\/genehtik.com\/pt\/wp-json\/wp\/v2\/product\/23464","targetHints":{"allow":["GET"]}}],"collection":[{"href":"https:\/\/genehtik.com\/pt\/wp-json\/wp\/v2\/product"}],"about":[{"href":"https:\/\/genehtik.com\/pt\/wp-json\/wp\/v2\/types\/product"}],"wp:featuredmedia":[{"embeddable":true,"href":"https:\/\/genehtik.com\/pt\/wp-json\/wp\/v2\/media\/23467"}],"wp:attachment":[{"href":"https:\/\/genehtik.com\/pt\/wp-json\/wp\/v2\/media?parent=23464"}],"wp:term":[{"taxonomy":"product_brand","embeddable":true,"href":"https:\/\/genehtik.com\/pt\/wp-json\/wp\/v2\/product_brand?post=23464"},{"taxonomy":"product_cat","embeddable":true,"href":"https:\/\/genehtik.com\/pt\/wp-json\/wp\/v2\/product_cat?post=23464"},{"taxonomy":"product_tag","embeddable":true,"href":"https:\/\/genehtik.com\/pt\/wp-json\/wp\/v2\/product_tag?post=23464"}],"curies":[{"name":"wp","href":"https:\/\/api.w.org\/{rel}","templated":true}]}}