{"id":42423,"date":"2025-09-16T11:14:41","date_gmt":"2025-09-16T11:14:41","guid":{"rendered":"https:\/\/clon.genehtik.com\/?post_type=product&#038;p=42423"},"modified":"2026-03-24T12:41:41","modified_gmt":"2026-03-24T12:41:41","slug":"santa-maria-bilbo-auto","status":"publish","type":"product","link":"https:\/\/genehtik.com\/pt\/produto\/santa-maria-bilbo-auto\/","title":{"rendered":"Santa Maria Bilbo Auto"},"content":{"rendered":"<div class=\"wpb-content-wrapper\"><div class=\"vc_row wpb_row vc_row-fluid edgtf-section edgtf-content-aligment-left\" style=\"\"><div class=\"clearfix edgtf-full-section-inner\"><div class=\"wpb_column vc_column_container vc_col-sm-12\"><div class=\"vc_column-inner\"><div class=\"wpb_wrapper\">\n\t<div class=\"wpb_text_column wpb_content_element\" >\n\t\t<div class=\"wpb_wrapper\">\n\t\t\t<p><strong>Cara<\/strong>: H\u00edbrido autoflorescente Santa Maria<\/p>\n<p><strong>Produ\u00e7\u00e3o dom\u00e9stica<\/strong>: 500-550 gr\/m2<\/p>\n<p><strong>Produ\u00e7\u00e3o externa<\/strong>: 150-200 g\/planta<\/p>\n<p><strong>Flora\u00e7\u00e3o em ambientes internos<\/strong>55-60 dias<\/p>\n<p><strong>Colheita ao ar livre:<\/strong> 8 semanas<\/p>\n<p><strong>THC:<\/strong> 21% \u2013 23%<\/p>\n<p><strong>CBD<\/strong>: 0,2% \u2013 0,5%<\/p>\n<p>&nbsp;<\/p>\n<p>A Santa Mar\u00eda Bilbo Auto \u00e9 a vers\u00e3o autoflorescente da nossa famosa Santa Bilbo. Um h\u00edbrido da Genehtik Seeds, nasceu do cruzamento da renomada Santa Mar\u00eda com outras variedades amaz\u00f4nicas e Afghan Skunk, o que lhe confere um toque indica. Para criar esta variedade n\u00e3o fotoperi\u00f3dica, ela foi cruzada com uma cepa autoflorescente de nova gera\u00e7\u00e3o, resultando em uma planta com estrutura robusta, crescimento r\u00e1pido e folhagem densa.<\/p>\n<p>Durante a fase de flora\u00e7\u00e3o, desenvolve bot\u00f5es densos e resinosos com um aroma e sabor \u00fanicos, combinando as notas frutadas e florais da Santa Mar\u00eda com toques de incenso. Seu efeito \u00e9 predominantemente sativa, cerebral e estimulante, ideal para desfrutar de atividades criativas e sociais.<\/p>\n\n\t\t<\/div>\n\t<\/div>\n<\/div><\/div><\/div><\/div><\/div><div class=\"vc_row wpb_row vc_row-fluid edgtf-section edgtf-content-aligment-left\" style=\"\"><div class=\"clearfix edgtf-full-section-inner\"><div class=\"wpb_column vc_column_container vc_col-sm-12\"><div class=\"vc_column-inner\"><div class=\"wpb_wrapper\"><div class=\"vc_empty_space\"   style=\"height: 32px\"><span class=\"vc_empty_space_inner\"><\/span><\/div><\/div><\/div><\/div><\/div><\/div><div class=\"vc_row wpb_row vc_row-fluid edgtf-section edgtf-content-aligment-left\" style=\"\"><div class=\"clearfix edgtf-full-section-inner\"><div class=\"wpb_column vc_column_container vc_col-sm-12\"><div class=\"vc_column-inner\"><div class=\"wpb_wrapper\">\n\t<div class=\"wpb_text_column wpb_content_element\" >\n\t\t<div class=\"wpb_wrapper\">\n\t\t\t<h2 style=\"text-align: center;\">Saiba mais sobre as sementes autoflorescentes da Genehtik em\u2026 <a href=\"https:\/\/criticalbilbo.com\/autoflorecientes-la-revolucion-genetica-del-cannabis\/\">www.criticalbilbo.com<\/a><\/h2>\n\n\t\t<\/div>\n\t<\/div>\n<\/div><\/div><\/div><\/div><\/div>\n<\/div>","protected":false},"excerpt":{"rendered":"<p>Semente de Cannabis Autoflorescente Santa Maria Bilbo<\/p>","protected":false},"featured_media":42624,"template":"","meta":{"bwfblock_default_font":""},"product_brand":[],"product_cat":[515,9,8],"product_tag":[],"class_list":{"0":"post-42423","1":"product","2":"type-product","3":"status-publish","4":"has-post-thumbnail","6":"product_cat-productos","7":"product_cat-semillas-cannabis-autoflorecientes","8":"product_cat-semillas-de-marihuana","10":"first","11":"instock","12":"shipping-taxable","13":"purchasable","14":"product-type-variable","15":"has-default-attributes"},"yoast_head":"<!-- This site is optimized with the Yoast SEO Premium plugin v23.0 (Yoast SEO v27.2) - https:\/\/yoast.com\/product\/yoast-seo-premium-wordpress\/ -->\n<title>Santa Maria Bilbo Auto - Comprar semilla de cannabis<\/title>\n<meta name=\"description\" content=\"Semilla de cannabis autofloreciente Santa Maria Bilbo Auto. Sabores \u00fanicos, con toques afrutados y florales con matices incensados.\" \/>\n<meta name=\"robots\" content=\"index, follow, max-snippet:-1, max-image-preview:large, max-video-preview:-1\" \/>\n<link rel=\"canonical\" href=\"https:\/\/genehtik.com\/pt\/produto\/santa-maria-bilbo-auto\/\" \/>\n<meta property=\"og:locale\" content=\"pt_PT\" \/>\n<meta property=\"og:type\" content=\"article\" \/>\n<meta property=\"og:title\" content=\"Santa Maria Bilbo Auto\" \/>\n<meta property=\"og:description\" content=\"Semilla de cannabis autofloreciente Santa Maria Bilbo Auto. Sabores \u00fanicos, con toques afrutados y florales con matices incensados.\" \/>\n<meta property=\"og:url\" content=\"https:\/\/genehtik.com\/pt\/produto\/santa-maria-bilbo-auto\/\" \/>\n<meta property=\"og:site_name\" content=\"Genehtik\" \/>\n<meta property=\"article:publisher\" content=\"http:\/\/www.facebook.com\/Genehtik\" \/>\n<meta property=\"article:modified_time\" content=\"2026-03-24T12:41:41+00:00\" \/>\n<meta property=\"og:image\" content=\"https:\/\/genehtik.com\/wp-content\/uploads\/2025\/09\/Santa-Maria-Bilbo-Auto.jpg\" \/>\n\t<meta property=\"og:image:width\" content=\"765\" \/>\n\t<meta property=\"og:image:height\" content=\"765\" \/>\n\t<meta property=\"og:image:type\" content=\"image\/jpeg\" \/>\n<meta name=\"twitter:card\" content=\"summary_large_image\" \/>\n<meta name=\"twitter:site\" content=\"@GenehtikEs\" \/>\n<meta name=\"twitter:label1\" content=\"Tempo estimado de leitura\" \/>\n\t<meta name=\"twitter:data1\" content=\"1 minuto\" \/>\n<script type=\"application\/ld+json\" class=\"yoast-schema-graph\">{\"@context\":\"https:\/\/schema.org\",\"@graph\":[{\"@type\":\"WebPage\",\"@id\":\"https:\/\/genehtik.com\/producto\/santa-maria-bilbo-auto\/\",\"url\":\"https:\/\/genehtik.com\/producto\/santa-maria-bilbo-auto\/\",\"name\":\"Santa Maria Bilbo Auto - Comprar semilla de cannabis\",\"isPartOf\":{\"@id\":\"https:\/\/genehtik.com\/#website\"},\"primaryImageOfPage\":{\"@id\":\"https:\/\/genehtik.com\/producto\/santa-maria-bilbo-auto\/#primaryimage\"},\"image\":{\"@id\":\"https:\/\/genehtik.com\/producto\/santa-maria-bilbo-auto\/#primaryimage\"},\"thumbnailUrl\":\"https:\/\/genehtik.com\/wp-content\/uploads\/2025\/09\/Santa-Maria-Bilbo-Auto.jpg\",\"datePublished\":\"2025-09-16T11:14:41+00:00\",\"dateModified\":\"2026-03-24T12:41:41+00:00\",\"description\":\"Semilla de cannabis autofloreciente Santa Maria Bilbo Auto. Sabores \u00fanicos, con toques afrutados y florales con matices incensados.\",\"breadcrumb\":{\"@id\":\"https:\/\/genehtik.com\/producto\/santa-maria-bilbo-auto\/#breadcrumb\"},\"inLanguage\":\"pt-PT\",\"potentialAction\":[{\"@type\":\"ReadAction\",\"target\":[\"https:\/\/genehtik.com\/producto\/santa-maria-bilbo-auto\/\"]}]},{\"@type\":\"ImageObject\",\"inLanguage\":\"pt-PT\",\"@id\":\"https:\/\/genehtik.com\/producto\/santa-maria-bilbo-auto\/#primaryimage\",\"url\":\"https:\/\/genehtik.com\/wp-content\/uploads\/2025\/09\/Santa-Maria-Bilbo-Auto.jpg\",\"contentUrl\":\"https:\/\/genehtik.com\/wp-content\/uploads\/2025\/09\/Santa-Maria-Bilbo-Auto.jpg\",\"width\":765,\"height\":765,\"caption\":\"Santa Maria Bilbo Auto\"},{\"@type\":\"BreadcrumbList\",\"@id\":\"https:\/\/genehtik.com\/producto\/santa-maria-bilbo-auto\/#breadcrumb\",\"itemListElement\":[{\"@type\":\"ListItem\",\"position\":1,\"name\":\"Home\",\"item\":\"https:\/\/genehtik.com\/\"},{\"@type\":\"ListItem\",\"position\":2,\"name\":\"Comprar semillas de cannabis Genehtik\",\"item\":\"https:\/\/genehtik.com\/tienda\/\"},{\"@type\":\"ListItem\",\"position\":3,\"name\":\"Santa Maria Bilbo Auto\"}]},{\"@type\":\"WebSite\",\"@id\":\"https:\/\/genehtik.com\/#website\",\"url\":\"https:\/\/genehtik.com\/\",\"name\":\"Genehtik\",\"description\":\"Banco de semillas de cannabis feminizadas y autoflorecientes de calidad y garant\u00eda\",\"potentialAction\":[{\"@type\":\"SearchAction\",\"target\":{\"@type\":\"EntryPoint\",\"urlTemplate\":\"https:\/\/genehtik.com\/?s={search_term_string}\"},\"query-input\":{\"@type\":\"PropertyValueSpecification\",\"valueRequired\":true,\"valueName\":\"search_term_string\"}}],\"inLanguage\":\"pt-PT\"}]}<\/script>\n<!-- \/ Yoast SEO Premium plugin. -->","yoast_head_json":{"title":"Santa Maria Bilbo Auto - Comprar semilla de cannabis","description":"Semilla de cannabis autofloreciente Santa Maria Bilbo Auto. Sabores \u00fanicos, con toques afrutados y florales con matices incensados.","robots":{"index":"index","follow":"follow","max-snippet":"max-snippet:-1","max-image-preview":"max-image-preview:large","max-video-preview":"max-video-preview:-1"},"canonical":"https:\/\/genehtik.com\/pt\/produto\/santa-maria-bilbo-auto\/","og_locale":"pt_PT","og_type":"article","og_title":"Santa Maria Bilbo Auto","og_description":"Semilla de cannabis autofloreciente Santa Maria Bilbo Auto. Sabores \u00fanicos, con toques afrutados y florales con matices incensados.","og_url":"https:\/\/genehtik.com\/pt\/produto\/santa-maria-bilbo-auto\/","og_site_name":"Genehtik","article_publisher":"http:\/\/www.facebook.com\/Genehtik","article_modified_time":"2026-03-24T12:41:41+00:00","og_image":[{"width":765,"height":765,"url":"https:\/\/genehtik.com\/wp-content\/uploads\/2025\/09\/Santa-Maria-Bilbo-Auto.jpg","type":"image\/jpeg"}],"twitter_card":"summary_large_image","twitter_site":"@GenehtikEs","twitter_misc":{"Tempo estimado de leitura":"1 minuto"},"schema":{"@context":"https:\/\/schema.org","@graph":[{"@type":"WebPage","@id":"https:\/\/genehtik.com\/producto\/santa-maria-bilbo-auto\/","url":"https:\/\/genehtik.com\/producto\/santa-maria-bilbo-auto\/","name":"Santa Maria Bilbo Auto - Comprar semilla de cannabis","isPartOf":{"@id":"https:\/\/genehtik.com\/#website"},"primaryImageOfPage":{"@id":"https:\/\/genehtik.com\/producto\/santa-maria-bilbo-auto\/#primaryimage"},"image":{"@id":"https:\/\/genehtik.com\/producto\/santa-maria-bilbo-auto\/#primaryimage"},"thumbnailUrl":"https:\/\/genehtik.com\/wp-content\/uploads\/2025\/09\/Santa-Maria-Bilbo-Auto.jpg","datePublished":"2025-09-16T11:14:41+00:00","dateModified":"2026-03-24T12:41:41+00:00","description":"Semilla de cannabis autofloreciente Santa Maria Bilbo Auto. Sabores \u00fanicos, con toques afrutados y florales con matices incensados.","breadcrumb":{"@id":"https:\/\/genehtik.com\/producto\/santa-maria-bilbo-auto\/#breadcrumb"},"inLanguage":"pt-PT","potentialAction":[{"@type":"ReadAction","target":["https:\/\/genehtik.com\/producto\/santa-maria-bilbo-auto\/"]}]},{"@type":"ImageObject","inLanguage":"pt-PT","@id":"https:\/\/genehtik.com\/producto\/santa-maria-bilbo-auto\/#primaryimage","url":"https:\/\/genehtik.com\/wp-content\/uploads\/2025\/09\/Santa-Maria-Bilbo-Auto.jpg","contentUrl":"https:\/\/genehtik.com\/wp-content\/uploads\/2025\/09\/Santa-Maria-Bilbo-Auto.jpg","width":765,"height":765,"caption":"Santa Maria Bilbo Auto"},{"@type":"BreadcrumbList","@id":"https:\/\/genehtik.com\/producto\/santa-maria-bilbo-auto\/#breadcrumb","itemListElement":[{"@type":"ListItem","position":1,"name":"Home","item":"https:\/\/genehtik.com\/"},{"@type":"ListItem","position":2,"name":"Comprar semillas de cannabis Genehtik","item":"https:\/\/genehtik.com\/tienda\/"},{"@type":"ListItem","position":3,"name":"Santa Maria Bilbo Auto"}]},{"@type":"WebSite","@id":"https:\/\/genehtik.com\/#website","url":"https:\/\/genehtik.com\/","name":"Gen\u00e9tica","description":"Banco de sementes de cannabis feminizadas e autoflorescentes de alta qualidade e com garantia.","potentialAction":[{"@type":"SearchAction","target":{"@type":"EntryPoint","urlTemplate":"https:\/\/genehtik.com\/?s={search_term_string}"},"query-input":{"@type":"PropertyValueSpecification","valueRequired":true,"valueName":"search_term_string"}}],"inLanguage":"pt-PT"}]}},"_links":{"self":[{"href":"https:\/\/genehtik.com\/pt\/wp-json\/wp\/v2\/product\/42423","targetHints":{"allow":["GET"]}}],"collection":[{"href":"https:\/\/genehtik.com\/pt\/wp-json\/wp\/v2\/product"}],"about":[{"href":"https:\/\/genehtik.com\/pt\/wp-json\/wp\/v2\/types\/product"}],"wp:featuredmedia":[{"embeddable":true,"href":"https:\/\/genehtik.com\/pt\/wp-json\/wp\/v2\/media\/42624"}],"wp:attachment":[{"href":"https:\/\/genehtik.com\/pt\/wp-json\/wp\/v2\/media?parent=42423"}],"wp:term":[{"taxonomy":"product_brand","embeddable":true,"href":"https:\/\/genehtik.com\/pt\/wp-json\/wp\/v2\/product_brand?post=42423"},{"taxonomy":"product_cat","embeddable":true,"href":"https:\/\/genehtik.com\/pt\/wp-json\/wp\/v2\/product_cat?post=42423"},{"taxonomy":"product_tag","embeddable":true,"href":"https:\/\/genehtik.com\/pt\/wp-json\/wp\/v2\/product_tag?post=42423"}],"curies":[{"name":"wp","href":"https:\/\/api.w.org\/{rel}","templated":true}]}}