{"id":42433,"date":"2026-02-03T08:43:10","date_gmt":"2026-02-03T08:43:10","guid":{"rendered":"https:\/\/clon.genehtik.com\/?post_type=product&#038;p=42433"},"modified":"2026-02-26T11:31:26","modified_gmt":"2026-02-26T11:31:26","slug":"tahoe-bilbo","status":"publish","type":"product","link":"https:\/\/genehtik.com\/pt\/produto\/tahoe-bilbo\/","title":{"rendered":"Tahoe Bilbo"},"content":{"rendered":"<div class=\"wpb-content-wrapper\"><div class=\"vc_row wpb_row vc_row-fluid edgtf-section edgtf-content-aligment-left\" style=\"\"><div class=\"clearfix edgtf-full-section-inner\"><div class=\"wpb_column vc_column_container vc_col-sm-12\"><div class=\"vc_column-inner\"><div class=\"wpb_wrapper\"><div class=\"vc_empty_space\"   style=\"height: 20px\"><span class=\"vc_empty_space_inner\"><\/span><\/div><\/div><\/div><\/div><\/div><\/div><div class=\"vc_row wpb_row vc_row-fluid edgtf-section edgtf-content-aligment-center\" style=\"\"><div class=\"clearfix edgtf-full-section-inner\"><div class=\"wpb_column vc_column_container vc_col-sm-6 vc_col-has-fill\"><div class=\"vc_column-inner vc_custom_1770805691199\"><div class=\"wpb_wrapper\">\n<div class=\"edgtf-section-title edgtf-section-align-center\" style=\"color: #00a94f;font-size: 28px\">\n\tcaracter\u00edsticas\t<\/div><div class=\"vc_empty_space\"   style=\"height: 20px\"><span class=\"vc_empty_space_inner\"><\/span><\/div>\n\t<div class=\"wpb_text_column wpb_content_element\" >\n\t\t<div class=\"wpb_wrapper\">\n\t\t\t<p style=\"text-align: center;\"><span style=\"color: #00a94f;\"><strong>Gen\u00e9tica<\/strong><\/span><\/p>\n\n\t\t<\/div>\n\t<\/div>\n\n\t<div class=\"wpb_text_column wpb_content_element\" >\n\t\t<div class=\"wpb_wrapper\">\n\t\t\t<p style=\"text-align: center;\">Tahoe OG Kush x OG Lemon Bilbo<\/p>\n\n\t\t<\/div>\n\t<\/div>\n\n\t<div class=\"wpb_text_column wpb_content_element\" >\n\t\t<div class=\"wpb_wrapper\">\n\t\t\t<p style=\"text-align: center;\"><span style=\"color: #00a94f;\"><strong>Cara<\/strong><\/span><\/p>\n\n\t\t<\/div>\n\t<\/div>\n\n\t<div class=\"wpb_text_column wpb_content_element\" >\n\t\t<div class=\"wpb_wrapper\">\n\t\t\t<p style=\"text-align: center;\">indica (70% indica \/ 30% sativa)<\/p>\n\n\t\t<\/div>\n\t<\/div>\n\n\t<div class=\"wpb_text_column wpb_content_element\" >\n\t\t<div class=\"wpb_wrapper\">\n\t\t\t<p style=\"text-align: center;\"><span style=\"color: #00a94f;\"><strong>Produ\u00e7\u00e3o dom\u00e9stica<\/strong><\/span><\/p>\n\n\t\t<\/div>\n\t<\/div>\n\n\t<div class=\"wpb_text_column wpb_content_element\" >\n\t\t<div class=\"wpb_wrapper\">\n\t\t\t<p style=\"text-align: center;\">500-600 gr\/m2<\/p>\n\n\t\t<\/div>\n\t<\/div>\n\n\t<div class=\"wpb_text_column wpb_content_element\" >\n\t\t<div class=\"wpb_wrapper\">\n\t\t\t<p style=\"text-align: center;\"><span style=\"color: #00a94f;\"><strong>Produ\u00e7\u00e3o externa<\/strong><\/span><\/p>\n\n\t\t<\/div>\n\t<\/div>\n\n\t<div class=\"wpb_text_column wpb_content_element\" >\n\t\t<div class=\"wpb_wrapper\">\n\t\t\t<p style=\"text-align: center;\">1000-1750 g\/planta<\/p>\n\n\t\t<\/div>\n\t<\/div>\n\n\t<div class=\"wpb_text_column wpb_content_element\" >\n\t\t<div class=\"wpb_wrapper\">\n\t\t\t<p style=\"text-align: center;\"><span style=\"color: #00a94f;\"><strong>Flora\u00e7\u00e3o em ambientes internos<\/strong><\/span><\/p>\n\n\t\t<\/div>\n\t<\/div>\n\n\t<div class=\"wpb_text_column wpb_content_element\" >\n\t\t<div class=\"wpb_wrapper\">\n\t\t\t<p style=\"text-align: center;\">60-70 dias<\/p>\n\n\t\t<\/div>\n\t<\/div>\n\n\t<div class=\"wpb_text_column wpb_content_element\" >\n\t\t<div class=\"wpb_wrapper\">\n\t\t\t<p style=\"text-align: center;\"><span style=\"color: #00a94f;\"><strong>Colheita ao ar livre<\/strong><\/span><\/p>\n\n\t\t<\/div>\n\t<\/div>\n\n\t<div class=\"wpb_text_column wpb_content_element\" >\n\t\t<div class=\"wpb_wrapper\">\n\t\t\t<p style=\"text-align: center;\">Hemisf\u00e9rio Norte: Outubro<\/p>\n\n\t\t<\/div>\n\t<\/div>\n\n\t<div class=\"wpb_text_column wpb_content_element\" >\n\t\t<div class=\"wpb_wrapper\">\n\t\t\t<p style=\"text-align: center;\">Hemisf\u00e9rio Sul: Abril<\/p>\n\n\t\t<\/div>\n\t<\/div>\n<div class=\"vc_empty_space\"   style=\"height: 20px\"><span class=\"vc_empty_space_inner\"><\/span><\/div><\/div><\/div><\/div><div class=\"wpb_column vc_column_container vc_col-sm-6\"><div class=\"vc_column-inner\"><div class=\"wpb_wrapper\">\n<div class=\"edgtf-section-title edgtf-section-align-center\" style=\"color: #ffffff;font-size: 28px\">\n\tCondi\u00e7\u00f5es \u00d3timas\t<\/div><div class=\"vc_empty_space\"   style=\"height: 20px\"><span class=\"vc_empty_space_inner\"><\/span><\/div>\n    <span class=\"edgtf-icon-shortcode circle edgtf-icon-medium\"  >\n        \n        <i class=\"edgtf-icon-font-awesome fa fa-book edgtf-icon-element\" style=\"\" ><\/i>\n            <\/span>\n\n<div class=\"vc_empty_space\"   style=\"height: 20px\"><span class=\"vc_empty_space_inner\"><\/span><\/div>\n\t<div class=\"wpb_text_column wpb_content_element\" >\n\t\t<div class=\"wpb_wrapper\">\n\t\t\t<p style=\"text-align: center;\"><em>Para um desenvolvimento ideal e m\u00e1ximo desempenho em sabor, aroma, efeito e produ\u00e7\u00e3o, consulte as condi\u00e7\u00f5es ideais de cultivo.<\/em><\/p>\n\n\t\t<\/div>\n\t<\/div>\n<div class=\"vc_empty_space\"   style=\"height: 20px\"><span class=\"vc_empty_space_inner\"><\/span><\/div>\t<div class=\"edgtf-call-to-action edgtf-cta-standard\" >\n\t\t\t\t\t<div class=\"edgtf-call-to-action-row-50-50 clearfix\" style=\"padding: 20px;\">\n\t\t\t\t<div class=\"edgtf-text-wrapper edgtf-call-to-action-column1 edgtf-call-to-action-cell\">\n\t\t\t\t\t<div class=\"edgtf-call-to-action-text\" >Par\u00e2metros de cultivo<\/div>\n\t\t\t\t<\/div>\n\t\t\t\t<div class=\"edgtf-button-wrapper edgtf-call-to-action-column2 edgtf-call-to-action-cell\" style =\"text-align: center ;\">\n\t\t\t\t\t<a href=\"https:\/\/genehtik.com\/pt\/condiciones-optimas-cultivo\/\" target=\"_self\" style=\"color: #ffffff;background-color: #00a94f\" class=\"edgtf-btn edgtf-btn-large edgtf-btn-solid-white edgtf-btn-custom-hover-bg edgtf-btn-custom-hover-color\" data-hover-bg-color=\"#ffffff\" data-hover-color=\"#00a94f\" >\t\t\t<span class=\"edgtf-btn-text\">consultar<\/span>\t    <\/a>\t\t\t\t<\/div>\n\t\t\t<\/div>\n\t\t\t<\/div>\n<\/div><\/div><\/div><\/div><\/div><div class=\"vc_row wpb_row vc_row-fluid edgtf-section edgtf-content-aligment-left\" style=\"\"><div class=\"clearfix edgtf-full-section-inner\"><div class=\"wpb_column vc_column_container vc_col-sm-12\"><div class=\"vc_column-inner\"><div class=\"wpb_wrapper\"><div class=\"vc_empty_space\"   style=\"height: 20px\"><span class=\"vc_empty_space_inner\"><\/span><\/div>\n\t<div class=\"wpb_text_column wpb_content_element\" >\n\t\t<div class=\"wpb_wrapper\">\n\t\t\t<p><strong>TAHOE BILBO: A alma da costa oeste em cada tragada.<\/strong><\/p>\n<p>&nbsp;<\/p>\n<p>Origin\u00e1ria das montanhas da Sierra Nevada e banhada pelas \u00e1guas do Lago Tahoe, que lhe d\u00e1 nome, na fronteira entre os estados da Calif\u00f3rnia e Nevada, surge uma das variedades de uva mais aut\u00eanticas dos EUA. Uma herdeira orgulhosa da linhagem. <strong>OG Kush<\/strong>, Representa, como poucas outras, o esp\u00edrito puro da cannabis californiana.<\/p>\n<p>&nbsp;<\/p>\n<p>Com uma composi\u00e7\u00e3o gen\u00e9tica cuidadosamente selecionada, visando oferecer um perfil arom\u00e1tico doce e profundamente relaxante, esta cria\u00e7\u00e3o representa o excelente trabalho de David Merino ao longo de muitos anos com algumas das variedades afeg\u00e3s mais admiradas do mundo.<\/p>\n<p>&nbsp;<\/p>\n<h3>ORIGEM E CRUZAMENTO<\/h3>\n<p>&nbsp;<\/p>\n<p>Essa composi\u00e7\u00e3o gen\u00e9tica \u00e9 o resultado do cruzamento entre <strong>OG Kush<\/strong> e uma sele\u00e7\u00e3o particularmente vigorosa de <strong>SFV OG<\/strong> (San Fernando Valley OG). A combina\u00e7\u00e3o dessas duas variedades potentes resultou em uma cepa com predomin\u00e2ncia indica, da qual foi selecionado um fen\u00f3tipo muito est\u00e1vel e resinoso, com o equil\u00edbrio perfeito entre a pot\u00eancia indica e nuances c\u00edtricas sutis de sativa.<\/p>\n<p>Foi selecionada em meados dos anos 2000 por cultivadores da regi\u00e3o do Lago Tahoe que buscavam uma vers\u00e3o mais forte e est\u00e1vel da m\u00edtica OG Kush.<\/p>\n<p>Gra\u00e7as ao clima de altitude, com noites frias e ver\u00f5es curtos, e ao excelente trabalho dos criadores comprometidos em manter a pureza gen\u00e9tica da ra\u00e7a, a ra\u00e7a \u00e9 preservada. <strong>OG original<\/strong>, que conseguiu moldar um fen\u00f3tipo robusto e resistente, que n\u00e3o s\u00f3 resistiu ao teste do tempo, como se estabeleceu como um cl\u00e1ssico atemporal.<\/p>\n<p>&nbsp;<\/p>\n<h3>ASPECTO<\/h3>\n<p>&nbsp;<\/p>\n<p>Cultivar esta variedade \u00e9 uma experi\u00eancia muito gratificante. Embora exija alguma aten\u00e7\u00e3o ao ambiente de cultivo, ela responde muito bem nas m\u00e3os de cultivadores experientes ou intermedi\u00e1rios. \u00c9 uma variedade com predomin\u00e2ncia indica (70% \u2013 30%) com estrutura robusta, espa\u00e7amento internodal m\u00e9dio e produz bot\u00f5es compactos, densos e repletos de resina. \u00c9 uma planta de flora\u00e7\u00e3o r\u00e1pida, levando entre 60 e 70 dias para atingir rendimentos de at\u00e9 600 gramas por metro quadrado em cultivo indoor.<\/p>\n<p>&nbsp;<\/p>\n<h3>AROMA E SABOR<\/h3>\n<p>&nbsp;<\/p>\n<p>O aroma do nosso <strong>Tahoe Bilbo<\/strong> \u00c9 uma mistura intensa de lim\u00e3o fresco, madeira e terra \u00famida, que se transforma instantaneamente em uma experi\u00eancia arom\u00e1tica profunda e envolvente. No paladar, o sabor \u00e9 igualmente potente, com uma nota c\u00edtrica e picante que persiste muito tempo ap\u00f3s cada tragada.<\/p>\n<p>&nbsp;<\/p>\n<h3>EFEITO<\/h3>\n<p>&nbsp;<\/p>\n<p>O efeito \u00e9 o que realmente vai te cativar nesta variedade. Come\u00e7a com uma onda cerebral de al\u00edvio e serenidade, que depois te envolve num estado de intenso relaxamento f\u00edsico, perfeito para desconectar, aliviar o estresse ou simplesmente relaxar em momentos de calma. N\u00e3o \u00e9 uma variedade leve; \u00e9 potente, duradoura e muito resinosa. Sem d\u00favida, uma variedade ideal para extra\u00e7\u00f5es.<\/p>\n\n\t\t<\/div>\n\t<\/div>\n<div class=\"vc_empty_space\"   style=\"height: 20px\"><span class=\"vc_empty_space_inner\"><\/span><\/div>\n<div class=\"vc-zigzag-wrapper vc-zigzag-align-center\"><div class=\"vc-zigzag-inner\" style=\"width: 100%;min-height: 14px;background: 0 repeat-x url(&#039;data:image\/svg+xml;utf-8,%3C%3Fxml%20version%3D%221.0%22%20encoding%3D%22utf-8%22%3F%3E%3C%21DOCTYPE%20svg%20PUBLIC%20%22-%2F%2FW3C%2F%2FDTD%20SVG%201.1%2F%2FEN%22%20%22http%3A%2F%2Fwww.w3.org%2FGraphics%2FSVG%2F1.1%2FDTD%2Fsvg11.dtd%22%3E%3Csvg%20width%3D%2214px%22%20height%3D%2212px%22%20viewBox%3D%220%200%2018%2015%22%20version%3D%221.1%22%20xmlns%3D%22http%3A%2F%2Fwww.w3.org%2F2000%2Fsvg%22%20xmlns%3Axlink%3D%22http%3A%2F%2Fwww.w3.org%2F1999%2Fxlink%22%3E%3Cpolygon%20id%3D%22Combined-Shape%22%20fill%3D%22%236dab3c%22%20points%3D%228.98762301%200%200%209.12771969%200%2014.519983%209%205.40479869%2018%2014.519983%2018%209.12771969%22%3E%3C%2Fpolygon%3E%3C%2Fsvg%3E&#039;);\"><\/div><\/div><div class=\"vc_empty_space\"   style=\"height: 20px\"><span class=\"vc_empty_space_inner\"><\/span><\/div>\n\t<div class=\"wpb_text_column wpb_content_element\" >\n\t\t<div class=\"wpb_wrapper\">\n\t\t\t<p><strong>Tahoe Bilbo<\/strong> A variedade da Genehtik Seeds \u00e9 mais do que uma homenagem \u00e0 OG Kush; \u00e9 a sua vers\u00e3o mais refinada, mais intensa e profundamente californiana.<\/p>\n<p>Uma variedade cult que viajou das montanhas de Nevada at\u00e9 as m\u00e3os de <strong>David Merino<\/strong>, criador na Genehtik Seeds h\u00e1 mais de 25 anos e criador, entre outros, do lend\u00e1rio clone de elite Critical Bilbo, para injetar nele aquele selo inconfund\u00edvel.<strong> Bilbo<\/strong> que os produtores mais exigentes requerem de nossas sementes.<\/p>\n<p>&nbsp;<\/p>\n<p>Se voc\u00ea procura um cl\u00e1ssico com presen\u00e7a, profundidade e um inconfund\u00edvel sabor americano, <strong>Tahoe Bilbo da Genehtik Seeds <\/strong>\u00c9 a sua pr\u00f3xima parada obrigat\u00f3ria. Porque existem muitos modelos cl\u00e1ssicos no mercado, e depois existe o nosso Tahoe Bilbo.<\/p>\n\n\t\t<\/div>\n\t<\/div>\n<\/div><\/div><\/div><\/div><\/div><div class=\"vc_row wpb_row vc_row-fluid edgtf-section edgtf-content-aligment-left\" style=\"\"><div class=\"clearfix edgtf-full-section-inner\"><div class=\"wpb_column vc_column_container vc_col-sm-12\"><div class=\"vc_column-inner\"><div class=\"wpb_wrapper\"><div class=\"vc_empty_space\"   style=\"height: 50px\"><span class=\"vc_empty_space_inner\"><\/span><\/div><\/div><\/div><\/div><\/div><\/div>\n<\/div>","protected":false},"excerpt":{"rendered":"<p>&nbsp;<\/p>\n<p>Tahoe OG Kush x OG Lemon Bilbo<\/p>\n<p>&nbsp;<\/p>\n<p>indica (70% indica \/ 30% sativa)<\/p>\n<p>&nbsp;<\/p>","protected":false},"featured_media":42569,"template":"","meta":{"bwfblock_default_font":""},"product_brand":[],"product_cat":[515,8,6],"product_tag":[],"class_list":{"0":"post-42433","1":"product","2":"type-product","3":"status-publish","4":"has-post-thumbnail","6":"product_cat-productos","7":"product_cat-semillas-de-marihuana","8":"product_cat-semillas-cannabis-feminizadas","10":"first","11":"instock","12":"sale","13":"shipping-taxable","14":"purchasable","15":"product-type-variable","16":"has-default-attributes"},"yoast_head":"<!-- This site is optimized with the Yoast SEO Premium plugin v23.0 (Yoast SEO v27.2) - https:\/\/yoast.com\/product\/yoast-seo-premium-wordpress\/ -->\n<title>Tahoe Bilbo - Comprar semilla de cannabis Tahoe Bilbo feminizada<\/title>\n<meta name=\"description\" content=\"Semilla de cannabis feminizada Tahoe Bilbo. Cruce de Tahoe OG Kush x OG Lemon Bilbo. Sabor americano nacido en las monta\u00f1as de Nevada\" \/>\n<meta name=\"robots\" content=\"index, follow, max-snippet:-1, max-image-preview:large, max-video-preview:-1\" \/>\n<link rel=\"canonical\" href=\"https:\/\/genehtik.com\/pt\/produto\/tahoe-bilbo\/\" \/>\n<meta property=\"og:locale\" content=\"pt_PT\" \/>\n<meta property=\"og:type\" content=\"article\" \/>\n<meta property=\"og:title\" content=\"Tahoe Bilbo\" \/>\n<meta property=\"og:description\" content=\"Semilla de cannabis feminizada Tahoe Bilbo. Cruce de Tahoe OG Kush x OG Lemon Bilbo. Sabor americano nacido en las monta\u00f1as de Nevada\" \/>\n<meta property=\"og:url\" content=\"https:\/\/genehtik.com\/pt\/produto\/tahoe-bilbo\/\" \/>\n<meta property=\"og:site_name\" content=\"Genehtik\" \/>\n<meta property=\"article:publisher\" content=\"http:\/\/www.facebook.com\/Genehtik\" \/>\n<meta property=\"article:modified_time\" content=\"2026-02-26T11:31:26+00:00\" \/>\n<meta property=\"og:image\" content=\"https:\/\/genehtik.com\/wp-content\/uploads\/2025\/09\/Tahoe-Bilbo-1.jpg\" \/>\n\t<meta property=\"og:image:width\" content=\"765\" \/>\n\t<meta property=\"og:image:height\" content=\"765\" \/>\n\t<meta property=\"og:image:type\" content=\"image\/jpeg\" \/>\n<meta name=\"twitter:card\" content=\"summary_large_image\" \/>\n<meta name=\"twitter:site\" content=\"@GenehtikEs\" \/>\n<meta name=\"twitter:label1\" content=\"Tempo estimado de leitura\" \/>\n\t<meta name=\"twitter:data1\" content=\"4 minutos\" \/>\n<script type=\"application\/ld+json\" class=\"yoast-schema-graph\">{\"@context\":\"https:\/\/schema.org\",\"@graph\":[{\"@type\":\"WebPage\",\"@id\":\"https:\/\/genehtik.com\/producto\/tahoe-bilbo\/\",\"url\":\"https:\/\/genehtik.com\/producto\/tahoe-bilbo\/\",\"name\":\"Tahoe Bilbo - Comprar semilla de cannabis Tahoe Bilbo feminizada\",\"isPartOf\":{\"@id\":\"https:\/\/genehtik.com\/#website\"},\"primaryImageOfPage\":{\"@id\":\"https:\/\/genehtik.com\/producto\/tahoe-bilbo\/#primaryimage\"},\"image\":{\"@id\":\"https:\/\/genehtik.com\/producto\/tahoe-bilbo\/#primaryimage\"},\"thumbnailUrl\":\"https:\/\/genehtik.com\/wp-content\/uploads\/2025\/09\/Tahoe-Bilbo-1.jpg\",\"datePublished\":\"2026-02-03T08:43:10+00:00\",\"dateModified\":\"2026-02-26T11:31:26+00:00\",\"description\":\"Semilla de cannabis feminizada Tahoe Bilbo. Cruce de Tahoe OG Kush x OG Lemon Bilbo. Sabor americano nacido en las monta\u00f1as de Nevada\",\"breadcrumb\":{\"@id\":\"https:\/\/genehtik.com\/producto\/tahoe-bilbo\/#breadcrumb\"},\"inLanguage\":\"pt-PT\",\"potentialAction\":[{\"@type\":\"ReadAction\",\"target\":[\"https:\/\/genehtik.com\/producto\/tahoe-bilbo\/\"]}]},{\"@type\":\"ImageObject\",\"inLanguage\":\"pt-PT\",\"@id\":\"https:\/\/genehtik.com\/producto\/tahoe-bilbo\/#primaryimage\",\"url\":\"https:\/\/genehtik.com\/wp-content\/uploads\/2025\/09\/Tahoe-Bilbo-1.jpg\",\"contentUrl\":\"https:\/\/genehtik.com\/wp-content\/uploads\/2025\/09\/Tahoe-Bilbo-1.jpg\",\"width\":765,\"height\":765},{\"@type\":\"BreadcrumbList\",\"@id\":\"https:\/\/genehtik.com\/producto\/tahoe-bilbo\/#breadcrumb\",\"itemListElement\":[{\"@type\":\"ListItem\",\"position\":1,\"name\":\"Home\",\"item\":\"https:\/\/genehtik.com\/\"},{\"@type\":\"ListItem\",\"position\":2,\"name\":\"Comprar semillas de cannabis Genehtik\",\"item\":\"https:\/\/genehtik.com\/tienda\/\"},{\"@type\":\"ListItem\",\"position\":3,\"name\":\"Tahoe Bilbo\"}]},{\"@type\":\"WebSite\",\"@id\":\"https:\/\/genehtik.com\/#website\",\"url\":\"https:\/\/genehtik.com\/\",\"name\":\"Genehtik\",\"description\":\"Banco de semillas de cannabis feminizadas y autoflorecientes de calidad y garant\u00eda\",\"potentialAction\":[{\"@type\":\"SearchAction\",\"target\":{\"@type\":\"EntryPoint\",\"urlTemplate\":\"https:\/\/genehtik.com\/?s={search_term_string}\"},\"query-input\":{\"@type\":\"PropertyValueSpecification\",\"valueRequired\":true,\"valueName\":\"search_term_string\"}}],\"inLanguage\":\"pt-PT\"}]}<\/script>\n<!-- \/ Yoast SEO Premium plugin. -->","yoast_head_json":{"title":"Tahoe Bilbo - Comprar semilla de cannabis Tahoe Bilbo feminizada","description":"Semilla de cannabis feminizada Tahoe Bilbo. Cruce de Tahoe OG Kush x OG Lemon Bilbo. Sabor americano nacido en las monta\u00f1as de Nevada","robots":{"index":"index","follow":"follow","max-snippet":"max-snippet:-1","max-image-preview":"max-image-preview:large","max-video-preview":"max-video-preview:-1"},"canonical":"https:\/\/genehtik.com\/pt\/produto\/tahoe-bilbo\/","og_locale":"pt_PT","og_type":"article","og_title":"Tahoe Bilbo","og_description":"Semilla de cannabis feminizada Tahoe Bilbo. Cruce de Tahoe OG Kush x OG Lemon Bilbo. Sabor americano nacido en las monta\u00f1as de Nevada","og_url":"https:\/\/genehtik.com\/pt\/produto\/tahoe-bilbo\/","og_site_name":"Genehtik","article_publisher":"http:\/\/www.facebook.com\/Genehtik","article_modified_time":"2026-02-26T11:31:26+00:00","og_image":[{"width":765,"height":765,"url":"https:\/\/genehtik.com\/wp-content\/uploads\/2025\/09\/Tahoe-Bilbo-1.jpg","type":"image\/jpeg"}],"twitter_card":"summary_large_image","twitter_site":"@GenehtikEs","twitter_misc":{"Tempo estimado de leitura":"4 minutos"},"schema":{"@context":"https:\/\/schema.org","@graph":[{"@type":"WebPage","@id":"https:\/\/genehtik.com\/producto\/tahoe-bilbo\/","url":"https:\/\/genehtik.com\/producto\/tahoe-bilbo\/","name":"Tahoe Bilbo - Comprar semilla de cannabis Tahoe Bilbo feminizada","isPartOf":{"@id":"https:\/\/genehtik.com\/#website"},"primaryImageOfPage":{"@id":"https:\/\/genehtik.com\/producto\/tahoe-bilbo\/#primaryimage"},"image":{"@id":"https:\/\/genehtik.com\/producto\/tahoe-bilbo\/#primaryimage"},"thumbnailUrl":"https:\/\/genehtik.com\/wp-content\/uploads\/2025\/09\/Tahoe-Bilbo-1.jpg","datePublished":"2026-02-03T08:43:10+00:00","dateModified":"2026-02-26T11:31:26+00:00","description":"Semilla de cannabis feminizada Tahoe Bilbo. Cruce de Tahoe OG Kush x OG Lemon Bilbo. Sabor americano nacido en las monta\u00f1as de Nevada","breadcrumb":{"@id":"https:\/\/genehtik.com\/producto\/tahoe-bilbo\/#breadcrumb"},"inLanguage":"pt-PT","potentialAction":[{"@type":"ReadAction","target":["https:\/\/genehtik.com\/producto\/tahoe-bilbo\/"]}]},{"@type":"ImageObject","inLanguage":"pt-PT","@id":"https:\/\/genehtik.com\/producto\/tahoe-bilbo\/#primaryimage","url":"https:\/\/genehtik.com\/wp-content\/uploads\/2025\/09\/Tahoe-Bilbo-1.jpg","contentUrl":"https:\/\/genehtik.com\/wp-content\/uploads\/2025\/09\/Tahoe-Bilbo-1.jpg","width":765,"height":765},{"@type":"BreadcrumbList","@id":"https:\/\/genehtik.com\/producto\/tahoe-bilbo\/#breadcrumb","itemListElement":[{"@type":"ListItem","position":1,"name":"Home","item":"https:\/\/genehtik.com\/"},{"@type":"ListItem","position":2,"name":"Comprar semillas de cannabis Genehtik","item":"https:\/\/genehtik.com\/tienda\/"},{"@type":"ListItem","position":3,"name":"Tahoe Bilbo"}]},{"@type":"WebSite","@id":"https:\/\/genehtik.com\/#website","url":"https:\/\/genehtik.com\/","name":"Gen\u00e9tica","description":"Banco de sementes de cannabis feminizadas e autoflorescentes de alta qualidade e com garantia.","potentialAction":[{"@type":"SearchAction","target":{"@type":"EntryPoint","urlTemplate":"https:\/\/genehtik.com\/?s={search_term_string}"},"query-input":{"@type":"PropertyValueSpecification","valueRequired":true,"valueName":"search_term_string"}}],"inLanguage":"pt-PT"}]}},"_links":{"self":[{"href":"https:\/\/genehtik.com\/pt\/wp-json\/wp\/v2\/product\/42433","targetHints":{"allow":["GET"]}}],"collection":[{"href":"https:\/\/genehtik.com\/pt\/wp-json\/wp\/v2\/product"}],"about":[{"href":"https:\/\/genehtik.com\/pt\/wp-json\/wp\/v2\/types\/product"}],"wp:featuredmedia":[{"embeddable":true,"href":"https:\/\/genehtik.com\/pt\/wp-json\/wp\/v2\/media\/42569"}],"wp:attachment":[{"href":"https:\/\/genehtik.com\/pt\/wp-json\/wp\/v2\/media?parent=42433"}],"wp:term":[{"taxonomy":"product_brand","embeddable":true,"href":"https:\/\/genehtik.com\/pt\/wp-json\/wp\/v2\/product_brand?post=42433"},{"taxonomy":"product_cat","embeddable":true,"href":"https:\/\/genehtik.com\/pt\/wp-json\/wp\/v2\/product_cat?post=42433"},{"taxonomy":"product_tag","embeddable":true,"href":"https:\/\/genehtik.com\/pt\/wp-json\/wp\/v2\/product_tag?post=42433"}],"curies":[{"name":"wp","href":"https:\/\/api.w.org\/{rel}","templated":true}]}}