{"id":42434,"date":"2025-09-24T08:52:00","date_gmt":"2025-09-24T08:52:00","guid":{"rendered":"https:\/\/clon.genehtik.com\/?post_type=product&#038;p=42434"},"modified":"2026-02-26T12:16:17","modified_gmt":"2026-02-26T12:16:17","slug":"girl-scout-cookies","status":"publish","type":"product","link":"https:\/\/genehtik.com\/pt\/produto\/girl-scout-cookies\/","title":{"rendered":"Biscoitos das Escoteiras"},"content":{"rendered":"<div class=\"wpb-content-wrapper\"><div class=\"vc_row wpb_row vc_row-fluid edgtf-section edgtf-content-aligment-left\" style=\"\"><div class=\"clearfix edgtf-full-section-inner\"><div class=\"wpb_column vc_column_container vc_col-sm-12\"><div class=\"vc_column-inner\"><div class=\"wpb_wrapper\"><div class=\"vc_empty_space\"   style=\"height: 20px\"><span class=\"vc_empty_space_inner\"><\/span><\/div><\/div><\/div><\/div><\/div><\/div><div class=\"vc_row wpb_row vc_row-fluid edgtf-section edgtf-content-aligment-center\" style=\"\"><div class=\"clearfix edgtf-full-section-inner\"><div class=\"wpb_column vc_column_container vc_col-sm-6 vc_col-has-fill\"><div class=\"vc_column-inner vc_custom_1770809278244\"><div class=\"wpb_wrapper\">\n<div class=\"edgtf-section-title edgtf-section-align-center\" style=\"color: #00a94f;font-size: 28px\">\n\tcaracter\u00edsticas\t<\/div><div class=\"vc_empty_space\"   style=\"height: 20px\"><span class=\"vc_empty_space_inner\"><\/span><\/div>\n\t<div class=\"wpb_text_column wpb_content_element\" >\n\t\t<div class=\"wpb_wrapper\">\n\t\t\t<p style=\"text-align: center;\"><span style=\"color: #00a94f;\"><strong>Gen\u00e9tica<\/strong><\/span><\/p>\n\n\t\t<\/div>\n\t<\/div>\n\n\t<div class=\"wpb_text_column wpb_content_element\" >\n\t\t<div class=\"wpb_wrapper\">\n\t\t\t<p style=\"text-align: center;\">Girl Scout Cookies x OG Lemon Bilbo<\/p>\n\n\t\t<\/div>\n\t<\/div>\n\n\t<div class=\"wpb_text_column wpb_content_element\" >\n\t\t<div class=\"wpb_wrapper\">\n\t\t\t<p style=\"text-align: center;\"><span style=\"color: #00a94f;\"><strong>Cara<\/strong><\/span><\/p>\n\n\t\t<\/div>\n\t<\/div>\n\n\t<div class=\"wpb_text_column wpb_content_element\" >\n\t\t<div class=\"wpb_wrapper\">\n\t\t\t<p style=\"text-align: center;\">indica (80% indica \/ 20% sativa)<\/p>\n\n\t\t<\/div>\n\t<\/div>\n\n\t<div class=\"wpb_text_column wpb_content_element\" >\n\t\t<div class=\"wpb_wrapper\">\n\t\t\t<p style=\"text-align: center;\"><span style=\"color: #00a94f;\"><strong>Produ\u00e7\u00e3o dom\u00e9stica<\/strong><\/span><\/p>\n\n\t\t<\/div>\n\t<\/div>\n\n\t<div class=\"wpb_text_column wpb_content_element\" >\n\t\t<div class=\"wpb_wrapper\">\n\t\t\t<p style=\"text-align: center;\">500-550 g\/m\u00b2<\/p>\n\n\t\t<\/div>\n\t<\/div>\n\n\t<div class=\"wpb_text_column wpb_content_element\" >\n\t\t<div class=\"wpb_wrapper\">\n\t\t\t<p style=\"text-align: center;\"><span style=\"color: #00a94f;\"><strong>Produ\u00e7\u00e3o externa<\/strong><\/span><\/p>\n\n\t\t<\/div>\n\t<\/div>\n\n\t<div class=\"wpb_text_column wpb_content_element\" >\n\t\t<div class=\"wpb_wrapper\">\n\t\t\t<p style=\"text-align: center;\">1000-1500 g\/planta<\/p>\n\n\t\t<\/div>\n\t<\/div>\n\n\t<div class=\"wpb_text_column wpb_content_element\" >\n\t\t<div class=\"wpb_wrapper\">\n\t\t\t<p style=\"text-align: center;\"><span style=\"color: #00a94f;\"><strong>Flora\u00e7\u00e3o em ambientes internos<\/strong><\/span><\/p>\n\n\t\t<\/div>\n\t<\/div>\n\n\t<div class=\"wpb_text_column wpb_content_element\" >\n\t\t<div class=\"wpb_wrapper\">\n\t\t\t<p style=\"text-align: center;\">65-75 dias<\/p>\n\n\t\t<\/div>\n\t<\/div>\n\n\t<div class=\"wpb_text_column wpb_content_element\" >\n\t\t<div class=\"wpb_wrapper\">\n\t\t\t<p style=\"text-align: center;\"><span style=\"color: #00a94f;\"><strong>Colheita ao ar livre<\/strong><\/span><\/p>\n\n\t\t<\/div>\n\t<\/div>\n\n\t<div class=\"wpb_text_column wpb_content_element\" >\n\t\t<div class=\"wpb_wrapper\">\n\t\t\t<p style=\"text-align: center;\">Hemisf\u00e9rio Norte: Outubro<\/p>\n\n\t\t<\/div>\n\t<\/div>\n\n\t<div class=\"wpb_text_column wpb_content_element\" >\n\t\t<div class=\"wpb_wrapper\">\n\t\t\t<p style=\"text-align: center;\">Hemisf\u00e9rio Sul: Abril<\/p>\n\n\t\t<\/div>\n\t<\/div>\n<div class=\"vc_empty_space\"   style=\"height: 20px\"><span class=\"vc_empty_space_inner\"><\/span><\/div><\/div><\/div><\/div><div class=\"wpb_column vc_column_container vc_col-sm-6\"><div class=\"vc_column-inner\"><div class=\"wpb_wrapper\">\n<div class=\"edgtf-section-title edgtf-section-align-center\" style=\"color: #00a94f;font-size: 28px\">\n\tCondi\u00e7\u00f5es \u00d3timas\t<\/div><div class=\"vc_empty_space\"   style=\"height: 20px\"><span class=\"vc_empty_space_inner\"><\/span><\/div>\n    <span class=\"edgtf-icon-shortcode circle edgtf-icon-medium\"  >\n        \n        <i class=\"edgtf-icon-font-awesome fa fa-book edgtf-icon-element\" style=\"\" ><\/i>\n            <\/span>\n\n<div class=\"vc_empty_space\"   style=\"height: 20px\"><span class=\"vc_empty_space_inner\"><\/span><\/div>\n\t<div class=\"wpb_text_column wpb_content_element\" >\n\t\t<div class=\"wpb_wrapper\">\n\t\t\t<p style=\"text-align: center;\"><em>Para um desenvolvimento ideal e m\u00e1ximo desempenho em sabor, aroma, efeito e produ\u00e7\u00e3o, consulte as condi\u00e7\u00f5es ideais de cultivo.<\/em><\/p>\n\n\t\t<\/div>\n\t<\/div>\n<div class=\"vc_empty_space\"   style=\"height: 20px\"><span class=\"vc_empty_space_inner\"><\/span><\/div>\t<div class=\"edgtf-call-to-action edgtf-cta-standard\" >\n\t\t\t\t\t<div class=\"edgtf-call-to-action-row-50-50 clearfix\" style=\"padding: 20px;\">\n\t\t\t\t<div class=\"edgtf-text-wrapper edgtf-call-to-action-column1 edgtf-call-to-action-cell\">\n\t\t\t\t\t<div class=\"edgtf-call-to-action-text\" >Par\u00e2metros de cultivo<\/div>\n\t\t\t\t<\/div>\n\t\t\t\t<div class=\"edgtf-button-wrapper edgtf-call-to-action-column2 edgtf-call-to-action-cell\" style =\"text-align: center ;\">\n\t\t\t\t\t<a href=\"https:\/\/genehtik.com\/pt\/condiciones-optimas-cultivo\/\" target=\"_self\" style=\"color: #ffffff;background-color: #00a94f\" class=\"edgtf-btn edgtf-btn-large edgtf-btn-solid-white edgtf-btn-custom-hover-bg edgtf-btn-custom-hover-color\" data-hover-bg-color=\"#ffffff\" data-hover-color=\"#00a94f\" >\t\t\t<span class=\"edgtf-btn-text\">consultar<\/span>\t    <\/a>\t\t\t\t<\/div>\n\t\t\t<\/div>\n\t\t\t<\/div>\n<\/div><\/div><\/div><\/div><\/div><div class=\"vc_row wpb_row vc_row-fluid edgtf-section edgtf-content-aligment-left\" style=\"\"><div class=\"clearfix edgtf-full-section-inner\"><div class=\"wpb_column vc_column_container vc_col-sm-12\"><div class=\"vc_column-inner\"><div class=\"wpb_wrapper\"><div class=\"vc_empty_space\"   style=\"height: 20px\"><span class=\"vc_empty_space_inner\"><\/span><\/div>\n\t<div class=\"wpb_text_column wpb_content_element\" >\n\t\t<div class=\"wpb_wrapper\">\n\t\t\t<p><strong>Girl Scout Cookies: Pot\u00eancia lend\u00e1ria com alma moderna.<\/strong><\/p>\n<p>&nbsp;<\/p>\n<p>Essa variedade, tamb\u00e9m conhecida como GSC, \u00e9 atualmente uma das cepas cl\u00e1ssicas californianas mais reconhecidas mundialmente. \u00c9, sem d\u00favida, uma das melhores cria\u00e7\u00f5es da empresa Cookies Fam e recebeu seu nome dos biscoitos que as escoteiras vendiam para arrecadar fundos para seus grupos.<\/p>\n<p>&nbsp;<\/p>\n<h3>ORIGEM E CRUZAMENTO<\/h3>\n<p>&nbsp;<\/p>\n<p>Para entender a origem dessa linhagem gen\u00e9tica, precisamos voltar ao final da primeira d\u00e9cada deste s\u00e9culo e nos situar na ensolarada Calif\u00f3rnia, onde um criador conhecido como Jigga, membro do coletivo de cultivadores Cookies Fam, desenvolveu um cruzamento entre duas refer\u00eancias da \u00e9poca: OG Kush, um cl\u00e1ssico famoso com efeito relaxante da costa oeste dos Estados Unidos, e Durban Poison, uma sativa sul-africana origin\u00e1ria da cidade litor\u00e2nea de Durban, famosa por seu efeito energ\u00e9tico e sabor picante.<\/p>\n<p>Na Genehtik Seeds, adotamos essa nova variedade e, sob a orienta\u00e7\u00e3o especializada do nosso criador David Merino, a transformamos em um produto carro-chefe do nosso cat\u00e1logo. Ap\u00f3s cruzar esse h\u00edbrido californiano com a nossa OG Lemon Bilbo, estabilizamos a nossa Girl Scout Cookies da Genehtik Seeds. \u00c9 uma variedade potente com predomin\u00e2ncia indica (80% \u2013 20%) e \u00e9 facilmente reconhecida pelo seu aroma e sabor marcantes.<\/p>\n<p>&nbsp;<\/p>\n<h3>ASPECTO<\/h3>\n<p>&nbsp;<\/p>\n<p>\u00c9 uma planta compacta com folhas roxas e a estrutura t\u00edpica da fam\u00edlia OG Kush. Floresce em apenas 9 a 10 semanas a partir da semente, produzindo de 500 a 550 gramas por metro quadrado em cultivo indoor. Em cultivo outdoor, apresenta excelente desempenho em climas temperados, com rendimentos espetaculares.<\/p>\n<h3>AROMA E SABOR<\/h3>\n<p>&nbsp;<\/p>\n<p>Uma experi\u00eancia doce com notas de biscoito amanteigado e baunilha com toques terrosos.<\/p>\n<p>&nbsp;<\/p>\n<h3>EFEITO<\/h3>\n<p>&nbsp;<\/p>\n<p>Seu efeito indica come\u00e7a com uma explos\u00e3o cerebral de criatividade e positividade, seguida por uma calma reconfortante que relaxa o corpo e a mente, uma op\u00e7\u00e3o ideal para desconectar ap\u00f3s um dia intenso.<\/p>\n<p>&nbsp;<\/p>\n\n\t\t<\/div>\n\t<\/div>\n<div class=\"vc_empty_space\"   style=\"height: 20px\"><span class=\"vc_empty_space_inner\"><\/span><\/div>\n<div class=\"vc-zigzag-wrapper vc-zigzag-align-center\"><div class=\"vc-zigzag-inner\" style=\"width: 100%;min-height: 14px;background: 0 repeat-x url(&#039;data:image\/svg+xml;utf-8,%3C%3Fxml%20version%3D%221.0%22%20encoding%3D%22utf-8%22%3F%3E%3C%21DOCTYPE%20svg%20PUBLIC%20%22-%2F%2FW3C%2F%2FDTD%20SVG%201.1%2F%2FEN%22%20%22http%3A%2F%2Fwww.w3.org%2FGraphics%2FSVG%2F1.1%2FDTD%2Fsvg11.dtd%22%3E%3Csvg%20width%3D%2214px%22%20height%3D%2212px%22%20viewBox%3D%220%200%2018%2015%22%20version%3D%221.1%22%20xmlns%3D%22http%3A%2F%2Fwww.w3.org%2F2000%2Fsvg%22%20xmlns%3Axlink%3D%22http%3A%2F%2Fwww.w3.org%2F1999%2Fxlink%22%3E%3Cpolygon%20id%3D%22Combined-Shape%22%20fill%3D%22%236dab3c%22%20points%3D%228.98762301%200%200%209.12771969%200%2014.519983%209%205.40479869%2018%2014.519983%2018%209.12771969%22%3E%3C%2Fpolygon%3E%3C%2Fsvg%3E&#039;);\"><\/div><\/div><div class=\"vc_empty_space\"   style=\"height: 20px\"><span class=\"vc_empty_space_inner\"><\/span><\/div>\n\t<div class=\"wpb_text_column wpb_content_element\" >\n\t\t<div class=\"wpb_wrapper\">\n\t\t\t<p>Girl Scout Cookies \u00e9 mais do que apenas uma semente; \u00e9 um h\u00edbrido lend\u00e1rio com um sabor inconfund\u00edvel, uma variedade rica em hist\u00f3ria, mas com uma alma moderna, o que a torna um verdadeiro cl\u00e1ssico atemporal. Sua gen\u00e9tica cl\u00e1ssica garante uma pot\u00eancia ineg\u00e1vel, e seu aroma gourmet surpreende a cada tragada. Se voc\u00ea procura uma variedade que, com um pouco de dedica\u00e7\u00e3o, ofere\u00e7a resultados excelentes, esta vers\u00e3o da Genehtik \u00e9 a sua aliada perfeita. Descubra porqu\u00ea: depois de experimentar a nossa Girl Scout Cookies, nada ser\u00e1 como antes. Voc\u00ea sempre vai querer mais!<\/p>\n\n\t\t<\/div>\n\t<\/div>\n<\/div><\/div><\/div><\/div><\/div><div class=\"vc_row wpb_row vc_row-fluid edgtf-section edgtf-content-aligment-left\" style=\"\"><div class=\"clearfix edgtf-full-section-inner\"><div class=\"wpb_column vc_column_container vc_col-sm-12\"><div class=\"vc_column-inner\"><div class=\"wpb_wrapper\"><div class=\"vc_empty_space\"   style=\"height: 50px\"><span class=\"vc_empty_space_inner\"><\/span><\/div><\/div><\/div><\/div><\/div><\/div>\n<\/div>","protected":false},"excerpt":{"rendered":"<p>&nbsp;<\/p>\n<p>Girl Scout Cookies x OG Lemon Bilbo<\/p>\n<p>&nbsp;<\/p>\n<p>indica (80% indica \/ 20% sativa)<\/p>\n<p>&nbsp;<\/p>","protected":false},"featured_media":5043168,"template":"","meta":{"bwfblock_default_font":""},"product_brand":[],"product_cat":[515,8,6],"product_tag":[],"class_list":{"0":"post-42434","1":"product","2":"type-product","3":"status-publish","4":"has-post-thumbnail","6":"product_cat-productos","7":"product_cat-semillas-de-marihuana","8":"product_cat-semillas-cannabis-feminizadas","10":"first","11":"instock","12":"sale","13":"shipping-taxable","14":"purchasable","15":"product-type-variable","16":"has-default-attributes"},"yoast_head":"<!-- This site is optimized with the Yoast SEO Premium plugin v23.0 (Yoast SEO v27.2) - https:\/\/yoast.com\/product\/yoast-seo-premium-wordpress\/ -->\n<title>Girl Scout Cookies - Comprar semilla de cannabis G.S.C feminizada<\/title>\n<meta name=\"description\" content=\"Semilla de cannabis feminizada Girl Scout Cookies. Cruce de Girl Scout Cookies x OG Lemon Bilbo. Potencia legendaria con alma moderna.\" \/>\n<meta name=\"robots\" content=\"index, follow, max-snippet:-1, max-image-preview:large, max-video-preview:-1\" \/>\n<link rel=\"canonical\" href=\"https:\/\/genehtik.com\/pt\/produto\/girl-scout-cookies\/\" \/>\n<meta property=\"og:locale\" content=\"pt_PT\" \/>\n<meta property=\"og:type\" content=\"article\" \/>\n<meta property=\"og:title\" content=\"Girl Scout Cookies\" \/>\n<meta property=\"og:description\" content=\"Semilla de cannabis feminizada Girl Scout Cookies. Cruce de Girl Scout Cookies x OG Lemon Bilbo. Potencia legendaria con alma moderna.\" \/>\n<meta property=\"og:url\" content=\"https:\/\/genehtik.com\/pt\/produto\/girl-scout-cookies\/\" \/>\n<meta property=\"og:site_name\" content=\"Genehtik\" \/>\n<meta property=\"article:publisher\" content=\"http:\/\/www.facebook.com\/Genehtik\" \/>\n<meta property=\"article:modified_time\" content=\"2026-02-26T12:16:17+00:00\" \/>\n<meta property=\"og:image\" content=\"https:\/\/genehtik.com\/wp-content\/uploads\/2025\/09\/Girl-Scout-Cookies-genehtik.jpg\" \/>\n\t<meta property=\"og:image:width\" content=\"921\" \/>\n\t<meta property=\"og:image:height\" content=\"905\" \/>\n\t<meta property=\"og:image:type\" content=\"image\/jpeg\" \/>\n<meta name=\"twitter:card\" content=\"summary_large_image\" \/>\n<meta name=\"twitter:site\" content=\"@GenehtikEs\" \/>\n<meta name=\"twitter:label1\" content=\"Tempo estimado de leitura\" \/>\n\t<meta name=\"twitter:data1\" content=\"3 minutos\" \/>\n<script type=\"application\/ld+json\" class=\"yoast-schema-graph\">{\"@context\":\"https:\/\/schema.org\",\"@graph\":[{\"@type\":\"WebPage\",\"@id\":\"https:\/\/genehtik.com\/producto\/girl-scout-cookies\/\",\"url\":\"https:\/\/genehtik.com\/producto\/girl-scout-cookies\/\",\"name\":\"Girl Scout Cookies - Comprar semilla de cannabis G.S.C feminizada\",\"isPartOf\":{\"@id\":\"https:\/\/genehtik.com\/#website\"},\"primaryImageOfPage\":{\"@id\":\"https:\/\/genehtik.com\/producto\/girl-scout-cookies\/#primaryimage\"},\"image\":{\"@id\":\"https:\/\/genehtik.com\/producto\/girl-scout-cookies\/#primaryimage\"},\"thumbnailUrl\":\"https:\/\/genehtik.com\/wp-content\/uploads\/2025\/09\/Girl-Scout-Cookies-genehtik.jpg\",\"datePublished\":\"2025-09-24T08:52:00+00:00\",\"dateModified\":\"2026-02-26T12:16:17+00:00\",\"description\":\"Semilla de cannabis feminizada Girl Scout Cookies. Cruce de Girl Scout Cookies x OG Lemon Bilbo. Potencia legendaria con alma moderna.\",\"breadcrumb\":{\"@id\":\"https:\/\/genehtik.com\/producto\/girl-scout-cookies\/#breadcrumb\"},\"inLanguage\":\"pt-PT\",\"potentialAction\":[{\"@type\":\"ReadAction\",\"target\":[\"https:\/\/genehtik.com\/producto\/girl-scout-cookies\/\"]}]},{\"@type\":\"ImageObject\",\"inLanguage\":\"pt-PT\",\"@id\":\"https:\/\/genehtik.com\/producto\/girl-scout-cookies\/#primaryimage\",\"url\":\"https:\/\/genehtik.com\/wp-content\/uploads\/2025\/09\/Girl-Scout-Cookies-genehtik.jpg\",\"contentUrl\":\"https:\/\/genehtik.com\/wp-content\/uploads\/2025\/09\/Girl-Scout-Cookies-genehtik.jpg\",\"width\":921,\"height\":905,\"caption\":\"Girl-Scout-Cookies-genehtik\"},{\"@type\":\"BreadcrumbList\",\"@id\":\"https:\/\/genehtik.com\/producto\/girl-scout-cookies\/#breadcrumb\",\"itemListElement\":[{\"@type\":\"ListItem\",\"position\":1,\"name\":\"Home\",\"item\":\"https:\/\/genehtik.com\/\"},{\"@type\":\"ListItem\",\"position\":2,\"name\":\"Comprar semillas de cannabis Genehtik\",\"item\":\"https:\/\/genehtik.com\/tienda\/\"},{\"@type\":\"ListItem\",\"position\":3,\"name\":\"Girl Scout Cookies\"}]},{\"@type\":\"WebSite\",\"@id\":\"https:\/\/genehtik.com\/#website\",\"url\":\"https:\/\/genehtik.com\/\",\"name\":\"Genehtik\",\"description\":\"Banco de semillas de cannabis feminizadas y autoflorecientes de calidad y garant\u00eda\",\"potentialAction\":[{\"@type\":\"SearchAction\",\"target\":{\"@type\":\"EntryPoint\",\"urlTemplate\":\"https:\/\/genehtik.com\/?s={search_term_string}\"},\"query-input\":{\"@type\":\"PropertyValueSpecification\",\"valueRequired\":true,\"valueName\":\"search_term_string\"}}],\"inLanguage\":\"pt-PT\"}]}<\/script>\n<!-- \/ Yoast SEO Premium plugin. -->","yoast_head_json":{"title":"Girl Scout Cookies - Comprar semilla de cannabis G.S.C feminizada","description":"Semilla de cannabis feminizada Girl Scout Cookies. Cruce de Girl Scout Cookies x OG Lemon Bilbo. Potencia legendaria con alma moderna.","robots":{"index":"index","follow":"follow","max-snippet":"max-snippet:-1","max-image-preview":"max-image-preview:large","max-video-preview":"max-video-preview:-1"},"canonical":"https:\/\/genehtik.com\/pt\/produto\/girl-scout-cookies\/","og_locale":"pt_PT","og_type":"article","og_title":"Girl Scout Cookies","og_description":"Semilla de cannabis feminizada Girl Scout Cookies. Cruce de Girl Scout Cookies x OG Lemon Bilbo. Potencia legendaria con alma moderna.","og_url":"https:\/\/genehtik.com\/pt\/produto\/girl-scout-cookies\/","og_site_name":"Genehtik","article_publisher":"http:\/\/www.facebook.com\/Genehtik","article_modified_time":"2026-02-26T12:16:17+00:00","og_image":[{"width":921,"height":905,"url":"https:\/\/genehtik.com\/wp-content\/uploads\/2025\/09\/Girl-Scout-Cookies-genehtik.jpg","type":"image\/jpeg"}],"twitter_card":"summary_large_image","twitter_site":"@GenehtikEs","twitter_misc":{"Tempo estimado de leitura":"3 minutos"},"schema":{"@context":"https:\/\/schema.org","@graph":[{"@type":"WebPage","@id":"https:\/\/genehtik.com\/producto\/girl-scout-cookies\/","url":"https:\/\/genehtik.com\/producto\/girl-scout-cookies\/","name":"Girl Scout Cookies - Comprar semilla de cannabis G.S.C feminizada","isPartOf":{"@id":"https:\/\/genehtik.com\/#website"},"primaryImageOfPage":{"@id":"https:\/\/genehtik.com\/producto\/girl-scout-cookies\/#primaryimage"},"image":{"@id":"https:\/\/genehtik.com\/producto\/girl-scout-cookies\/#primaryimage"},"thumbnailUrl":"https:\/\/genehtik.com\/wp-content\/uploads\/2025\/09\/Girl-Scout-Cookies-genehtik.jpg","datePublished":"2025-09-24T08:52:00+00:00","dateModified":"2026-02-26T12:16:17+00:00","description":"Semilla de cannabis feminizada Girl Scout Cookies. Cruce de Girl Scout Cookies x OG Lemon Bilbo. Potencia legendaria con alma moderna.","breadcrumb":{"@id":"https:\/\/genehtik.com\/producto\/girl-scout-cookies\/#breadcrumb"},"inLanguage":"pt-PT","potentialAction":[{"@type":"ReadAction","target":["https:\/\/genehtik.com\/producto\/girl-scout-cookies\/"]}]},{"@type":"ImageObject","inLanguage":"pt-PT","@id":"https:\/\/genehtik.com\/producto\/girl-scout-cookies\/#primaryimage","url":"https:\/\/genehtik.com\/wp-content\/uploads\/2025\/09\/Girl-Scout-Cookies-genehtik.jpg","contentUrl":"https:\/\/genehtik.com\/wp-content\/uploads\/2025\/09\/Girl-Scout-Cookies-genehtik.jpg","width":921,"height":905,"caption":"Girl-Scout-Cookies-genehtik"},{"@type":"BreadcrumbList","@id":"https:\/\/genehtik.com\/producto\/girl-scout-cookies\/#breadcrumb","itemListElement":[{"@type":"ListItem","position":1,"name":"Home","item":"https:\/\/genehtik.com\/"},{"@type":"ListItem","position":2,"name":"Comprar semillas de cannabis Genehtik","item":"https:\/\/genehtik.com\/tienda\/"},{"@type":"ListItem","position":3,"name":"Girl Scout Cookies"}]},{"@type":"WebSite","@id":"https:\/\/genehtik.com\/#website","url":"https:\/\/genehtik.com\/","name":"Gen\u00e9tica","description":"Banco de sementes de cannabis feminizadas e autoflorescentes de alta qualidade e com garantia.","potentialAction":[{"@type":"SearchAction","target":{"@type":"EntryPoint","urlTemplate":"https:\/\/genehtik.com\/?s={search_term_string}"},"query-input":{"@type":"PropertyValueSpecification","valueRequired":true,"valueName":"search_term_string"}}],"inLanguage":"pt-PT"}]}},"_links":{"self":[{"href":"https:\/\/genehtik.com\/pt\/wp-json\/wp\/v2\/product\/42434","targetHints":{"allow":["GET"]}}],"collection":[{"href":"https:\/\/genehtik.com\/pt\/wp-json\/wp\/v2\/product"}],"about":[{"href":"https:\/\/genehtik.com\/pt\/wp-json\/wp\/v2\/types\/product"}],"wp:featuredmedia":[{"embeddable":true,"href":"https:\/\/genehtik.com\/pt\/wp-json\/wp\/v2\/media\/5043168"}],"wp:attachment":[{"href":"https:\/\/genehtik.com\/pt\/wp-json\/wp\/v2\/media?parent=42434"}],"wp:term":[{"taxonomy":"product_brand","embeddable":true,"href":"https:\/\/genehtik.com\/pt\/wp-json\/wp\/v2\/product_brand?post=42434"},{"taxonomy":"product_cat","embeddable":true,"href":"https:\/\/genehtik.com\/pt\/wp-json\/wp\/v2\/product_cat?post=42434"},{"taxonomy":"product_tag","embeddable":true,"href":"https:\/\/genehtik.com\/pt\/wp-json\/wp\/v2\/product_tag?post=42434"}],"curies":[{"name":"wp","href":"https:\/\/api.w.org\/{rel}","templated":true}]}}