{"id":8265,"date":"2016-02-12T12:23:48","date_gmt":"2016-02-12T12:23:48","guid":{"rendered":"https:\/\/clon.genehtik.com\/?post_type=product&#038;p=8265"},"modified":"2026-04-07T09:59:00","modified_gmt":"2026-04-07T09:59:00","slug":"og-lemon-bilbo","status":"publish","type":"product","link":"https:\/\/genehtik.com\/pt\/produto\/og-lemon-bilbo\/","title":{"rendered":"OG Lemon Bilbo"},"content":{"rendered":"<div class=\"wpb-content-wrapper\"><div class=\"vc_row wpb_row vc_row-fluid edgtf-section edgtf-content-aligment-left\" style=\"\"><div class=\"clearfix edgtf-full-section-inner\"><div class=\"wpb_column vc_column_container vc_col-sm-12\"><div class=\"vc_column-inner\"><div class=\"wpb_wrapper\"><div class=\"vc_empty_space\"   style=\"height: 20px\"><span class=\"vc_empty_space_inner\"><\/span><\/div><\/div><\/div><\/div><\/div><\/div><div class=\"vc_row wpb_row vc_row-fluid edgtf-section edgtf-content-aligment-center\" style=\"\"><div class=\"clearfix edgtf-full-section-inner\"><div class=\"wpb_column vc_column_container vc_col-sm-6 vc_col-has-fill\"><div class=\"vc_column-inner vc_custom_1770812764629\"><div class=\"wpb_wrapper\">\n<div class=\"edgtf-section-title edgtf-section-align-center\" style=\"color: #00a94f;font-size: 28px\">\n\tcaracter\u00edsticas\t<\/div><div class=\"vc_empty_space\"   style=\"height: 20px\"><span class=\"vc_empty_space_inner\"><\/span><\/div>\n\t<div class=\"wpb_text_column wpb_content_element\" >\n\t\t<div class=\"wpb_wrapper\">\n\t\t\t<p style=\"text-align: center;\"><span style=\"color: #00a94f;\"><strong>Gen\u00e9tica<\/strong><\/span><\/p>\n\n\t\t<\/div>\n\t<\/div>\n\n\t<div class=\"wpb_text_column wpb_content_element\" >\n\t\t<div class=\"wpb_wrapper\">\n\t\t\t<p style=\"text-align: center;\">OG Kush Lemon Larry x Afghan<\/p>\n\n\t\t<\/div>\n\t<\/div>\n\n\t<div class=\"wpb_text_column wpb_content_element\" >\n\t\t<div class=\"wpb_wrapper\">\n\t\t\t<p style=\"text-align: center;\"><span style=\"color: #00a94f;\"><strong>Cara<\/strong><\/span><\/p>\n\n\t\t<\/div>\n\t<\/div>\n\n\t<div class=\"wpb_text_column wpb_content_element\" >\n\t\t<div class=\"wpb_wrapper\">\n\t\t\t<p style=\"text-align: center;\">indica (75% indica \/ 25% sativa)<\/p>\n\n\t\t<\/div>\n\t<\/div>\n\n\t<div class=\"wpb_text_column wpb_content_element\" >\n\t\t<div class=\"wpb_wrapper\">\n\t\t\t<p style=\"text-align: center;\"><span style=\"color: #00a94f;\"><strong>Produ\u00e7\u00e3o dom\u00e9stica<\/strong><\/span><\/p>\n\n\t\t<\/div>\n\t<\/div>\n\n\t<div class=\"wpb_text_column wpb_content_element\" >\n\t\t<div class=\"wpb_wrapper\">\n\t\t\t<p style=\"text-align: center;\">400-450 gr\/m2<\/p>\n\n\t\t<\/div>\n\t<\/div>\n\n\t<div class=\"wpb_text_column wpb_content_element\" >\n\t\t<div class=\"wpb_wrapper\">\n\t\t\t<p style=\"text-align: center;\"><span style=\"color: #00a94f;\"><strong>Produ\u00e7\u00e3o externa<\/strong><\/span><\/p>\n\n\t\t<\/div>\n\t<\/div>\n\n\t<div class=\"wpb_text_column wpb_content_element\" >\n\t\t<div class=\"wpb_wrapper\">\n\t\t\t<p style=\"text-align: center;\">1000-1300 g\/planta<\/p>\n\n\t\t<\/div>\n\t<\/div>\n\n\t<div class=\"wpb_text_column wpb_content_element\" >\n\t\t<div class=\"wpb_wrapper\">\n\t\t\t<p style=\"text-align: center;\"><span style=\"color: #00a94f;\"><strong>Flora\u00e7\u00e3o em ambientes internos<\/strong><\/span><\/p>\n\n\t\t<\/div>\n\t<\/div>\n\n\t<div class=\"wpb_text_column wpb_content_element\" >\n\t\t<div class=\"wpb_wrapper\">\n\t\t\t<p style=\"text-align: center;\">60-65 dias<\/p>\n\n\t\t<\/div>\n\t<\/div>\n\n\t<div class=\"wpb_text_column wpb_content_element\" >\n\t\t<div class=\"wpb_wrapper\">\n\t\t\t<p style=\"text-align: center;\"><span style=\"color: #00a94f;\"><strong>Colheita ao ar livre<\/strong><\/span><\/p>\n\n\t\t<\/div>\n\t<\/div>\n\n\t<div class=\"wpb_text_column wpb_content_element\" >\n\t\t<div class=\"wpb_wrapper\">\n\t\t\t<p style=\"text-align: center;\">Hemisf\u00e9rio Norte: Outubro<\/p>\n\n\t\t<\/div>\n\t<\/div>\n\n\t<div class=\"wpb_text_column wpb_content_element\" >\n\t\t<div class=\"wpb_wrapper\">\n\t\t\t<p style=\"text-align: center;\">Hemisf\u00e9rio Sul: Abril<\/p>\n\n\t\t<\/div>\n\t<\/div>\n<div class=\"vc_empty_space\"   style=\"height: 20px\"><span class=\"vc_empty_space_inner\"><\/span><\/div><\/div><\/div><\/div><div class=\"wpb_column vc_column_container vc_col-sm-6\"><div class=\"vc_column-inner\"><div class=\"wpb_wrapper\">\n<div class=\"edgtf-section-title edgtf-section-align-center\" style=\"color: #00a94f;font-size: 28px\">\n\tCondi\u00e7\u00f5es \u00d3timas\t<\/div><div class=\"vc_empty_space\"   style=\"height: 20px\"><span class=\"vc_empty_space_inner\"><\/span><\/div>\n    <span class=\"edgtf-icon-shortcode circle edgtf-icon-medium\"  >\n        \n        <i class=\"edgtf-icon-font-awesome fa fa-book edgtf-icon-element\" style=\"\" ><\/i>\n            <\/span>\n\n<div class=\"vc_empty_space\"   style=\"height: 20px\"><span class=\"vc_empty_space_inner\"><\/span><\/div>\n\t<div class=\"wpb_text_column wpb_content_element\" >\n\t\t<div class=\"wpb_wrapper\">\n\t\t\t<p style=\"text-align: center;\"><em>Para um desenvolvimento ideal e m\u00e1ximo desempenho em sabor, aroma, efeito e produ\u00e7\u00e3o, consulte as condi\u00e7\u00f5es ideais de cultivo.<\/em><\/p>\n\n\t\t<\/div>\n\t<\/div>\n<div class=\"vc_empty_space\"   style=\"height: 20px\"><span class=\"vc_empty_space_inner\"><\/span><\/div>\t<div class=\"edgtf-call-to-action edgtf-cta-standard\" >\n\t\t\t\t\t<div class=\"edgtf-call-to-action-row-50-50 clearfix\" style=\"padding: 20px;\">\n\t\t\t\t<div class=\"edgtf-text-wrapper edgtf-call-to-action-column1 edgtf-call-to-action-cell\">\n\t\t\t\t\t<div class=\"edgtf-call-to-action-text\" >Par\u00e2metros de cultivo<\/div>\n\t\t\t\t<\/div>\n\t\t\t\t<div class=\"edgtf-button-wrapper edgtf-call-to-action-column2 edgtf-call-to-action-cell\" style =\"text-align: center ;\">\n\t\t\t\t\t<a href=\"https:\/\/genehtik.com\/pt\/condiciones-optimas-cultivo\/\" target=\"_self\" style=\"color: #ffffff;background-color: #00a94f\" class=\"edgtf-btn edgtf-btn-large edgtf-btn-solid-white edgtf-btn-custom-hover-bg edgtf-btn-custom-hover-color\" data-hover-bg-color=\"#ffffff\" data-hover-color=\"#00a94f\" >\t\t\t<span class=\"edgtf-btn-text\">Consultar<\/span>\t    <\/a>\t\t\t\t<\/div>\n\t\t\t<\/div>\n\t\t\t<\/div>\n<\/div><\/div><\/div><\/div><\/div><div class=\"vc_row wpb_row vc_row-fluid edgtf-section edgtf-content-aligment-left\" style=\"\"><div class=\"clearfix edgtf-full-section-inner\"><div class=\"wpb_column vc_column_container vc_col-sm-12\"><div class=\"vc_column-inner\"><div class=\"wpb_wrapper\"><div class=\"vc_empty_space\"   style=\"height: 20px\"><span class=\"vc_empty_space_inner\"><\/span><\/div>\n\t<div class=\"wpb_text_column wpb_content_element\" >\n\t\t<div class=\"wpb_wrapper\">\n\t\t\t<h3>ORIGEM E CRUZAMENTO<\/h3>\n<p>&nbsp;<\/p>\n<p>Nossa semente de maconha OG LEMON BILBO \u00e9 um cruzamento da famosa OG KUSH LEMON LARRY da Calif\u00f3rnia com uma de nossas plantas afeg\u00e3s mais est\u00e1veis, resultando em uma planta indica que mant\u00e9m totalmente as caracter\u00edsticas da m\u00e3e OG KUSH.<\/p>\n<p>&nbsp;<\/p>\n<h3>ASPECTO<\/h3>\n<p>&nbsp;<\/p>\n<p>Essa variedade se distingue por seus ramos muito pr\u00f3ximos ao tronco e por suas longas hastes com pistilos muito compridos.<\/p>\n<p>\u00c9 uma planta indica de porte m\u00e9dio, altamente recomendada para o m\u00e9todo SOG (Sea of Green), muito robusta e especialmente resistente a infec\u00e7\u00f5es f\u00fangicas.<\/p>\n<p>Na fase de flora\u00e7\u00e3o, seus bot\u00f5es formam longas colas brancas com muitos pistilos longos e aromas muito c\u00edtricos, com boa produ\u00e7\u00e3o e estando prontos para a colheita em 60 dias.<\/p>\n<p>&nbsp;<\/p>\n<h3>AROMA E SABOR<\/h3>\n<p>&nbsp;<\/p>\n<p>OG LEMON BILBO \u00e9 uma verdadeira del\u00edcia de aromas e sabores terrosos e musgosos, fundidos com notas c\u00edtricas de lim\u00e3o.<\/p>\n<p>Possui um sabor terroso e c\u00edtrico distinto, caracter\u00edstico do LEMON LARRY, que conquista os paladares mais exigentes.<\/p>\n<p>&nbsp;<\/p>\n<h3>EFEITO<\/h3>\n<p>&nbsp;<\/p>\n<p>Seu efeito \u00e9 relaxante, narc\u00f3tico, cl\u00e1ssico de uma variedade indica.<\/p>\n\n\t\t<\/div>\n\t<\/div>\n<\/div><\/div><\/div><\/div><\/div><div class=\"vc_row wpb_row vc_row-fluid edgtf-section edgtf-content-aligment-left\" style=\"\"><div class=\"clearfix edgtf-full-section-inner\"><div class=\"wpb_column vc_column_container vc_col-sm-12\"><div class=\"vc_column-inner\"><div class=\"wpb_wrapper\"><div class=\"vc_empty_space\"   style=\"height: 32px\"><span class=\"vc_empty_space_inner\"><\/span><\/div>\n<div class=\"edgtf-section-title edgtf-section-align-left\" style=\"color: #00a94f;font-size: 32px\">\n\tN\u00edveis de THC e CBD\t<\/div><div class=\"vc_empty_space\"   style=\"height: 10px\"><span class=\"vc_empty_space_inner\"><\/span><\/div><\/div><\/div><\/div><\/div><\/div><div class=\"vc_row wpb_row vc_row-fluid edgtf-section vc_custom_1770812741173 edgtf-content-aligment-left\" style=\"\"><div class=\"clearfix edgtf-full-section-inner\"><div class=\"wpb_column vc_column_container vc_col-sm-12\"><div class=\"vc_column-inner\"><div class=\"wpb_wrapper\"><div class=\"vc_empty_space\"   style=\"height: 20px\"><span class=\"vc_empty_space_inner\"><\/span><\/div><\/div><\/div><\/div><\/div><\/div><div class=\"vc_row wpb_row vc_row-fluid edgtf-section vc_custom_1770812733439 edgtf-content-aligment-left\" style=\"\"><div class=\"clearfix edgtf-full-section-inner\"><div class=\"wpb_column vc_column_container vc_col-sm-6\"><div class=\"vc_column-inner\"><div class=\"wpb_wrapper\">\n<div class=\"edgtf-section-title edgtf-section-align-center\" style=\"color: #81d742;font-size: 28px\">\n\tFaixa de THC<span class=\"edgtf-section-highlighted\" >(21%-23%)<\/span>\t<\/div><div class=\"vc_empty_space\"   style=\"height: 20px\"><span class=\"vc_empty_space_inner\"><\/span><\/div><div class=\"vc_row wpb_row vc_inner vc_row-fluid edgtf-section edgtf-content-aligment-left\" style=\"\"><div class=\"edgtf-full-section-inner\"><div class=\"wpb_column vc_column_container vc_col-sm-6\"><div class=\"vc_column-inner\"><div class=\"wpb_wrapper\"><div class=\"edgtf-pie-chart-with-icon-holder\">\n\t<div class=\"edgtf-percentage-with-icon\" data-percent=\"39\">\n\t\t<i class=\"edgtf-icon-font-awesome fa\" style=\"\" ><\/i>\t<\/div>\n\t<div class=\"edgtf-pie-chart-text\" >\n\t\t<h5 class=\"edgtf-pie-title\">\n\t\t\t21%\t\t<\/h5>\n\t\t<p><\/p>\n\t<\/div>\n<\/div><\/div><\/div><\/div><div class=\"wpb_column vc_column_container vc_col-sm-6\"><div class=\"vc_column-inner\"><div class=\"wpb_wrapper\"><div class=\"edgtf-pie-chart-with-icon-holder\">\n\t<div class=\"edgtf-percentage-with-icon\" data-percent=\"54\">\n\t\t<i class=\"edgtf-icon-font-awesome fa\" style=\"\" ><\/i>\t<\/div>\n\t<div class=\"edgtf-pie-chart-text\" >\n\t\t<h5 class=\"edgtf-pie-title\">\n\t\t\t23%\t\t<\/h5>\n\t\t<p><\/p>\n\t<\/div>\n<\/div><\/div><\/div><\/div><\/div><\/div><\/div><\/div><\/div><div class=\"wpb_column vc_column_container vc_col-sm-6\"><div class=\"vc_column-inner\"><div class=\"wpb_wrapper\">\n<div class=\"edgtf-section-title edgtf-section-align-center\" style=\"color: #81d742;font-size: 28px\">\n\tLinha CBD<span class=\"edgtf-section-highlighted\" >(0,7%-1%)<\/span>\t<\/div><div class=\"vc_empty_space\"   style=\"height: 20px\"><span class=\"vc_empty_space_inner\"><\/span><\/div><div class=\"vc_row wpb_row vc_inner vc_row-fluid edgtf-section edgtf-content-aligment-left\" style=\"\"><div class=\"edgtf-full-section-inner\"><div class=\"wpb_column vc_column_container vc_col-sm-6\"><div class=\"vc_column-inner\"><div class=\"wpb_wrapper\"><div class=\"edgtf-pie-chart-with-icon-holder\">\n\t<div class=\"edgtf-percentage-with-icon\" data-percent=\"45\">\n\t\t<i class=\"edgtf-icon-font-awesome fa\" style=\"\" ><\/i>\t<\/div>\n\t<div class=\"edgtf-pie-chart-text\" >\n\t\t<h5 class=\"edgtf-pie-title\">\n\t\t\t0,7%\t\t<\/h5>\n\t\t<p><\/p>\n\t<\/div>\n<\/div><\/div><\/div><\/div><div class=\"wpb_column vc_column_container vc_col-sm-6\"><div class=\"vc_column-inner\"><div class=\"wpb_wrapper\"><div class=\"edgtf-pie-chart-with-icon-holder\">\n\t<div class=\"edgtf-percentage-with-icon\" data-percent=\"70\">\n\t\t<i class=\"edgtf-icon-font-awesome fa\" style=\"\" ><\/i>\t<\/div>\n\t<div class=\"edgtf-pie-chart-text\" >\n\t\t<h5 class=\"edgtf-pie-title\">\n\t\t\t1%\t\t<\/h5>\n\t\t<p><\/p>\n\t<\/div>\n<\/div><\/div><\/div><\/div><\/div><\/div><\/div><\/div><\/div><\/div><\/div><div class=\"vc_row wpb_row vc_row-fluid edgtf-section edgtf-content-aligment-left\" style=\"\"><div class=\"clearfix edgtf-full-section-inner\"><div class=\"wpb_column vc_column_container vc_col-sm-12\"><div class=\"vc_column-inner\"><div class=\"wpb_wrapper\"><div class=\"vc_empty_space\"   style=\"height: 30px\"><span class=\"vc_empty_space_inner\"><\/span><\/div><div class=\"edgtf-separator-holder clearfix  edgtf-separator-center edgtf-separator-full-width\">\n\t<div class=\"edgtf-separator\" ><\/div>\n<\/div>\n<div class=\"vc_empty_space\"   style=\"height: 30px\"><span class=\"vc_empty_space_inner\"><\/span><\/div>\n\t<div class=\"wpb_text_column wpb_content_element\" >\n\t\t<div class=\"wpb_wrapper\">\n\t\t\t<h2 style=\"text-align: center;\">Origem da semente de cannabis OG LEMON BILBO<\/h2>\n\n\t\t<\/div>\n\t<\/div>\n\n\t<div class=\"wpb_video_widget wpb_content_element vc_clearfix   vc_custom_1775555923375 vc_video-aspect-ratio-169 vc_video-el-width-100 vc_video-align-left\" >\n\t\t<div class=\"wpb_wrapper\">\n\t\t\t\n\t\t\t<div class=\"wpb_video_wrapper\"><div class=\"lazyload smush-lazyload-video smush-lazyload-vimeo\" style=\"--smush-video-aspect-ratio: 500\/281\" data-bg-image=\"url(https:\/\/i.vimeocdn.com\/video\/1149248226-e9e285946478e6977f99820ab5b5ac06247ff21821e583d5d0e73ed3a96da27c-d_640?region=us)\" ><iframe title=\"Origem da semente de cannabis Og Lemon Bilbo\" data-src=\"https:\/\/player.vimeo.com\/video\/556102441?dnt=1&amp;app_id=122963\" width=\"500\" height=\"281\" frameborder=\"0\" allow=\"autoplay; fullscreen; picture-in-picture\" src=\"data:image\/svg+xml;base64,PHN2ZyB3aWR0aD0iMSIgaGVpZ2h0PSIxIiB4bWxucz0iaHR0cDovL3d3dy53My5vcmcvMjAwMC9zdmciPjwvc3ZnPg==\"><\/iframe><span class=\"smush-play-btn\" role=\"button\" aria-label=\"Play video\">\r\n\t\t\t\t<span tabindex=\"0\" class=\"smush-play-btn-inner\">\r\n\t\t\t\t\t<span>Reproduzir<\/span>\r\n\t\t\t\t<\/span>\r\n\t\t\t<\/span><\/div><\/div>\n\t\t<\/div>\n\t<\/div>\n<div class=\"vc_empty_space\"   style=\"height: 30px\"><span class=\"vc_empty_space_inner\"><\/span><\/div><div class=\"edgtf-separator-holder clearfix  edgtf-separator-center edgtf-separator-full-width\">\n\t<div class=\"edgtf-separator\" ><\/div>\n<\/div>\n<div class=\"vc_empty_space\"   style=\"height: 30px\"><span class=\"vc_empty_space_inner\"><\/span><\/div>\n\t<div class=\"wpb_text_column wpb_content_element\" >\n\t\t<div class=\"wpb_wrapper\">\n\t\t\t<h2 style=\"text-align: center;\">V\u00eddeo da semente de maconha OG LEMON BILBO<\/h2>\n\n\t\t<\/div>\n\t<\/div>\n<\/div><\/div><\/div><\/div><\/div><div class=\"vc_row wpb_row vc_row-fluid edgtf-section edgtf-content-aligment-left\" style=\"\"><div class=\"clearfix edgtf-full-section-inner\"><div class=\"wpb_column vc_column_container vc_col-sm-12\"><div class=\"vc_column-inner\"><div class=\"wpb_wrapper\">\n\t<div class=\"wpb_video_widget wpb_content_element vc_clearfix   vc_custom_1775555935531 vc_video-aspect-ratio-169 vc_video-el-width-100 vc_video-align-left\" >\n\t\t<div class=\"wpb_wrapper\">\n\t\t\t\n\t\t\t<div class=\"wpb_video_wrapper\"><div class=\"lazyload smush-lazyload-video smush-lazyload-vimeo\" style=\"--smush-video-aspect-ratio: 500\/281\" data-bg-image=\"url(https:\/\/i.vimeocdn.com\/video\/799527438-6db7079cec989241d2ceb84335a304b4db335eb025414bff3438133989cb5315-d_640?region=us)\" ><iframe title=\"OG Lemon Bilbo - semente de cannabis feminizada\" data-src=\"https:\/\/player.vimeo.com\/video\/348785209?dnt=1&amp;app_id=122963\" width=\"500\" height=\"281\" frameborder=\"0\" allow=\"autoplay; fullscreen; picture-in-picture\" src=\"data:image\/svg+xml;base64,PHN2ZyB3aWR0aD0iMSIgaGVpZ2h0PSIxIiB4bWxucz0iaHR0cDovL3d3dy53My5vcmcvMjAwMC9zdmciPjwvc3ZnPg==\"><\/iframe><span class=\"smush-play-btn\" role=\"button\" aria-label=\"Play video\">\r\n\t\t\t\t<span tabindex=\"0\" class=\"smush-play-btn-inner\">\r\n\t\t\t\t\t<span>Reproduzir<\/span>\r\n\t\t\t\t<\/span>\r\n\t\t\t<\/span><\/div><\/div>\n\t\t<\/div>\n\t<\/div>\n<div class=\"vc_empty_space\"   style=\"height: 50px\"><span class=\"vc_empty_space_inner\"><\/span><\/div><\/div><\/div><\/div><\/div><\/div>\n<\/div>","protected":false},"excerpt":{"rendered":"<p>A semente de cannabis feminizada OG Lemon Bilbo tem um bom rendimento, com um aroma e sabor terrosos, combinados com notas c\u00edtricas que lembram lim\u00e3o.<\/p>\n<p>Efeito relaxante e narc\u00f3tico.<\/p>","protected":false},"featured_media":7639,"template":"","meta":{"bwfblock_default_font":""},"product_brand":[],"product_cat":[515,8,6],"product_tag":[],"class_list":{"0":"post-8265","1":"product","2":"type-product","3":"status-publish","4":"has-post-thumbnail","6":"product_cat-productos","7":"product_cat-semillas-de-marihuana","8":"product_cat-semillas-cannabis-feminizadas","10":"first","11":"instock","12":"shipping-taxable","13":"purchasable","14":"product-type-variable","15":"has-default-attributes"},"yoast_head":"<!-- This site is optimized with the Yoast SEO Premium plugin v23.0 (Yoast SEO v27.2) - https:\/\/yoast.com\/product\/yoast-seo-premium-wordpress\/ -->\n<title>OG Lemon Bilbo - Compar semillas de marihuana feminizadas<\/title>\n<meta name=\"description\" content=\"Semilla de marihuana feminizada OG Lemon Bilbo. Buena producci\u00f3n con olor y sabor terrosos fusionado con c\u00edtricos tipo lim\u00f3n. Efecto relajante, narc\u00f3tico.\" \/>\n<meta name=\"robots\" content=\"index, follow, max-snippet:-1, max-image-preview:large, max-video-preview:-1\" \/>\n<link rel=\"canonical\" href=\"https:\/\/genehtik.com\/pt\/produto\/og-lemon-bilbo\/\" \/>\n<meta property=\"og:locale\" content=\"pt_PT\" \/>\n<meta property=\"og:type\" content=\"article\" \/>\n<meta property=\"og:title\" content=\"OG Lemon Bilbo\" \/>\n<meta property=\"og:description\" content=\"Semilla de marihuana feminizada OG Lemon Bilbo. Buena producci\u00f3n con olor y sabor terrosos fusionado con c\u00edtricos tipo lim\u00f3n. Efecto relajante, narc\u00f3tico.\" \/>\n<meta property=\"og:url\" content=\"https:\/\/genehtik.com\/pt\/produto\/og-lemon-bilbo\/\" \/>\n<meta property=\"og:site_name\" content=\"Genehtik\" \/>\n<meta property=\"article:publisher\" content=\"http:\/\/www.facebook.com\/Genehtik\" \/>\n<meta property=\"article:modified_time\" content=\"2026-04-07T09:59:00+00:00\" \/>\n<meta property=\"og:image\" content=\"https:\/\/genehtik.com\/wp-content\/uploads\/2015\/10\/Og-Lemon-Bilbo.jpg\" \/>\n\t<meta property=\"og:image:width\" content=\"567\" \/>\n\t<meta property=\"og:image:height\" content=\"572\" \/>\n\t<meta property=\"og:image:type\" content=\"image\/jpeg\" \/>\n<meta name=\"twitter:card\" content=\"summary_large_image\" \/>\n<meta name=\"twitter:site\" content=\"@GenehtikEs\" \/>\n<meta name=\"twitter:label1\" content=\"Tempo estimado de leitura\" \/>\n\t<meta name=\"twitter:data1\" content=\"2 minutos\" \/>\n<script type=\"application\/ld+json\" class=\"yoast-schema-graph\">{\"@context\":\"https:\/\/schema.org\",\"@graph\":[{\"@type\":\"WebPage\",\"@id\":\"https:\/\/genehtik.com\/producto\/og-lemon-bilbo\/\",\"url\":\"https:\/\/genehtik.com\/producto\/og-lemon-bilbo\/\",\"name\":\"OG Lemon Bilbo - Compar semillas de marihuana feminizadas\",\"isPartOf\":{\"@id\":\"https:\/\/genehtik.com\/#website\"},\"primaryImageOfPage\":{\"@id\":\"https:\/\/genehtik.com\/producto\/og-lemon-bilbo\/#primaryimage\"},\"image\":{\"@id\":\"https:\/\/genehtik.com\/producto\/og-lemon-bilbo\/#primaryimage\"},\"thumbnailUrl\":\"https:\/\/genehtik.com\/wp-content\/uploads\/2015\/10\/Og-Lemon-Bilbo.jpg\",\"datePublished\":\"2016-02-12T12:23:48+00:00\",\"dateModified\":\"2026-04-07T09:59:00+00:00\",\"description\":\"Semilla de marihuana feminizada OG Lemon Bilbo. Buena producci\u00f3n con olor y sabor terrosos fusionado con c\u00edtricos tipo lim\u00f3n. Efecto relajante, narc\u00f3tico.\",\"breadcrumb\":{\"@id\":\"https:\/\/genehtik.com\/producto\/og-lemon-bilbo\/#breadcrumb\"},\"inLanguage\":\"pt-PT\",\"potentialAction\":[{\"@type\":\"ReadAction\",\"target\":[\"https:\/\/genehtik.com\/producto\/og-lemon-bilbo\/\"]}]},{\"@type\":\"ImageObject\",\"inLanguage\":\"pt-PT\",\"@id\":\"https:\/\/genehtik.com\/producto\/og-lemon-bilbo\/#primaryimage\",\"url\":\"https:\/\/genehtik.com\/wp-content\/uploads\/2015\/10\/Og-Lemon-Bilbo.jpg\",\"contentUrl\":\"https:\/\/genehtik.com\/wp-content\/uploads\/2015\/10\/Og-Lemon-Bilbo.jpg\",\"width\":567,\"height\":572,\"caption\":\"Semilla de marihuana feminizada OG Lemon Bilbo\"},{\"@type\":\"BreadcrumbList\",\"@id\":\"https:\/\/genehtik.com\/producto\/og-lemon-bilbo\/#breadcrumb\",\"itemListElement\":[{\"@type\":\"ListItem\",\"position\":1,\"name\":\"Home\",\"item\":\"https:\/\/genehtik.com\/\"},{\"@type\":\"ListItem\",\"position\":2,\"name\":\"Comprar semillas de cannabis Genehtik\",\"item\":\"https:\/\/genehtik.com\/tienda\/\"},{\"@type\":\"ListItem\",\"position\":3,\"name\":\"OG Lemon Bilbo\"}]},{\"@type\":\"WebSite\",\"@id\":\"https:\/\/genehtik.com\/#website\",\"url\":\"https:\/\/genehtik.com\/\",\"name\":\"Genehtik\",\"description\":\"Banco de semillas de cannabis feminizadas y autoflorecientes de calidad y garant\u00eda\",\"potentialAction\":[{\"@type\":\"SearchAction\",\"target\":{\"@type\":\"EntryPoint\",\"urlTemplate\":\"https:\/\/genehtik.com\/?s={search_term_string}\"},\"query-input\":{\"@type\":\"PropertyValueSpecification\",\"valueRequired\":true,\"valueName\":\"search_term_string\"}}],\"inLanguage\":\"pt-PT\"}]}<\/script>\n<!-- \/ Yoast SEO Premium plugin. -->","yoast_head_json":{"title":"OG Lemon Bilbo - Compar semillas de marihuana feminizadas","description":"Semilla de marihuana feminizada OG Lemon Bilbo. Buena producci\u00f3n con olor y sabor terrosos fusionado con c\u00edtricos tipo lim\u00f3n. Efecto relajante, narc\u00f3tico.","robots":{"index":"index","follow":"follow","max-snippet":"max-snippet:-1","max-image-preview":"max-image-preview:large","max-video-preview":"max-video-preview:-1"},"canonical":"https:\/\/genehtik.com\/pt\/produto\/og-lemon-bilbo\/","og_locale":"pt_PT","og_type":"article","og_title":"OG Lemon Bilbo","og_description":"Semilla de marihuana feminizada OG Lemon Bilbo. Buena producci\u00f3n con olor y sabor terrosos fusionado con c\u00edtricos tipo lim\u00f3n. Efecto relajante, narc\u00f3tico.","og_url":"https:\/\/genehtik.com\/pt\/produto\/og-lemon-bilbo\/","og_site_name":"Genehtik","article_publisher":"http:\/\/www.facebook.com\/Genehtik","article_modified_time":"2026-04-07T09:59:00+00:00","og_image":[{"width":567,"height":572,"url":"https:\/\/genehtik.com\/wp-content\/uploads\/2015\/10\/Og-Lemon-Bilbo.jpg","type":"image\/jpeg"}],"twitter_card":"summary_large_image","twitter_site":"@GenehtikEs","twitter_misc":{"Tempo estimado de leitura":"2 minutos"},"schema":{"@context":"https:\/\/schema.org","@graph":[{"@type":"WebPage","@id":"https:\/\/genehtik.com\/producto\/og-lemon-bilbo\/","url":"https:\/\/genehtik.com\/producto\/og-lemon-bilbo\/","name":"OG Lemon Bilbo - Compar semillas de marihuana feminizadas","isPartOf":{"@id":"https:\/\/genehtik.com\/#website"},"primaryImageOfPage":{"@id":"https:\/\/genehtik.com\/producto\/og-lemon-bilbo\/#primaryimage"},"image":{"@id":"https:\/\/genehtik.com\/producto\/og-lemon-bilbo\/#primaryimage"},"thumbnailUrl":"https:\/\/genehtik.com\/wp-content\/uploads\/2015\/10\/Og-Lemon-Bilbo.jpg","datePublished":"2016-02-12T12:23:48+00:00","dateModified":"2026-04-07T09:59:00+00:00","description":"Semilla de marihuana feminizada OG Lemon Bilbo. Buena producci\u00f3n con olor y sabor terrosos fusionado con c\u00edtricos tipo lim\u00f3n. Efecto relajante, narc\u00f3tico.","breadcrumb":{"@id":"https:\/\/genehtik.com\/producto\/og-lemon-bilbo\/#breadcrumb"},"inLanguage":"pt-PT","potentialAction":[{"@type":"ReadAction","target":["https:\/\/genehtik.com\/producto\/og-lemon-bilbo\/"]}]},{"@type":"ImageObject","inLanguage":"pt-PT","@id":"https:\/\/genehtik.com\/producto\/og-lemon-bilbo\/#primaryimage","url":"https:\/\/genehtik.com\/wp-content\/uploads\/2015\/10\/Og-Lemon-Bilbo.jpg","contentUrl":"https:\/\/genehtik.com\/wp-content\/uploads\/2015\/10\/Og-Lemon-Bilbo.jpg","width":567,"height":572,"caption":"Semilla de marihuana feminizada OG Lemon Bilbo"},{"@type":"BreadcrumbList","@id":"https:\/\/genehtik.com\/producto\/og-lemon-bilbo\/#breadcrumb","itemListElement":[{"@type":"ListItem","position":1,"name":"Home","item":"https:\/\/genehtik.com\/"},{"@type":"ListItem","position":2,"name":"Comprar semillas de cannabis Genehtik","item":"https:\/\/genehtik.com\/tienda\/"},{"@type":"ListItem","position":3,"name":"OG Lemon Bilbo"}]},{"@type":"WebSite","@id":"https:\/\/genehtik.com\/#website","url":"https:\/\/genehtik.com\/","name":"Gen\u00e9tica","description":"Banco de sementes de cannabis feminizadas e autoflorescentes de alta qualidade e com garantia.","potentialAction":[{"@type":"SearchAction","target":{"@type":"EntryPoint","urlTemplate":"https:\/\/genehtik.com\/?s={search_term_string}"},"query-input":{"@type":"PropertyValueSpecification","valueRequired":true,"valueName":"search_term_string"}}],"inLanguage":"pt-PT"}]}},"_links":{"self":[{"href":"https:\/\/genehtik.com\/pt\/wp-json\/wp\/v2\/product\/8265","targetHints":{"allow":["GET"]}}],"collection":[{"href":"https:\/\/genehtik.com\/pt\/wp-json\/wp\/v2\/product"}],"about":[{"href":"https:\/\/genehtik.com\/pt\/wp-json\/wp\/v2\/types\/product"}],"wp:featuredmedia":[{"embeddable":true,"href":"https:\/\/genehtik.com\/pt\/wp-json\/wp\/v2\/media\/7639"}],"wp:attachment":[{"href":"https:\/\/genehtik.com\/pt\/wp-json\/wp\/v2\/media?parent=8265"}],"wp:term":[{"taxonomy":"product_brand","embeddable":true,"href":"https:\/\/genehtik.com\/pt\/wp-json\/wp\/v2\/product_brand?post=8265"},{"taxonomy":"product_cat","embeddable":true,"href":"https:\/\/genehtik.com\/pt\/wp-json\/wp\/v2\/product_cat?post=8265"},{"taxonomy":"product_tag","embeddable":true,"href":"https:\/\/genehtik.com\/pt\/wp-json\/wp\/v2\/product_tag?post=8265"}],"curies":[{"name":"wp","href":"https:\/\/api.w.org\/{rel}","templated":true}]}}